{"id":67904,"date":"2026-01-30T08:55:59","date_gmt":"2026-01-30T08:55:59","guid":{"rendered":"https:\/\/decode.agency\/?page_id=67904"},"modified":"2026-04-15T07:54:15","modified_gmt":"2026-04-15T07:54:15","slug":"tech-roles","status":"publish","type":"page","link":"https:\/\/decode.agency\/de\/tech-roles\/","title":{"rendered":"Roles, revealed"},"content":{"rendered":"\n<section class=\"wp-block-decode-grid\"><div class=\"block-grid\" style=\"background-color:#262626\"><div class=\"container\" style=\"color:#ffffff;padding-top:calc(120px*var(--scale));padding-bottom:calc(200px*var(--scale))\">\n<h1 class=\"wp-block-heading\" style=\"max-width:calc(850px*var(--scale));margin-right:auto;margin-bottom:calc(30px*var(--scale));margin-left:0\">ROLES, REVEALED<\/h1>\n\n\n\n<h4 class=\"wp-block-heading max-width-md-100 indent\" style=\"max-width:calc(840px*var(--scale));margin-right:0;margin-bottom:0;margin-left:auto;padding-bottom:calc(200px*var(--scale))\">Unser Team gew\u00e4hrt Einblicke in seine Rollen \u2013 mit tiefgehenden Gespr\u00e4chen dar\u00fcber, wie wir Software bei DECODE entwickeln, liefern und skalieren.<\/h4>\n\n\n\n<div class=\"wp-block-columns wp-embed-aspect-16-9 wp-has-aspect-ratio is-layout-flex wp-container-core-columns-is-layout-9d6595d7 wp-block-columns-is-layout-flex\" style=\"max-width:calc(1400px*var(--scale))\">\n<div class=\"wp-block-column is-layout-flow wp-block-column-is-layout-flow\" style=\"flex-basis:750px\">\n<figure class=\"wp-block-embed is-type-video is-provider-youtube wp-block-embed-youtube wp-embed-aspect-16-9 wp-has-aspect-ratio\"><div class=\"wp-block-embed__wrapper\">\n<iframe title=\"Chief Technology Officer I Roles, Revealed\" width=\"500\" height=\"281\" src=\"https:\/\/www.youtube.com\/embed\/q0TItKjKPkU?feature=oembed\" frameborder=\"0\" allow=\"accelerometer; autoplay; clipboard-write; encrypted-media; gyroscope; picture-in-picture; web-share\" referrerpolicy=\"strict-origin-when-cross-origin\" allowfullscreen><\/iframe>\n<\/div><\/figure>\n<\/div>\n\n\n\n<div class=\"wp-block-column is-layout-flow wp-block-column-is-layout-flow\">\n<hr class=\"wp-block-separator has-css-opacity\"\/>\n\n\n\n<h4 class=\"wp-block-heading\" style=\"margin-top:calc(30px*var(--scale));padding-bottom:calc(30px*var(--scale))\">Chief Technology Officer I Roles, Revealed<\/h4>\n\n\n\n<p style=\"padding-bottom:calc(30px*var(--scale))\">Die Rolle des CTO geht weit \u00fcber technologische Entscheidungen hinaus. In dieser Episode von Roles, Revealed erkl\u00e4rt DECODE-CTO Mario Zderic, wie seine Rolle Produktdenken, Teamstruktur und langfristige technische Entscheidungen miteinander verbindet. Er spricht \u00fcber den Aufbau produktfokussierter Teams, h\u00e4ufige Fallstricke bei neuen und bestehenden Produkten \u2013 und was die CTO-Rolle in der Praxis so anspruchsvoll macht.<\/p>\n\n\n\n<div class=\"wp-block-columns is-layout-flex wp-container-core-columns-is-layout-9d6595d7 wp-block-columns-is-layout-flex\">\n<div class=\"wp-block-column is-layout-flow wp-block-column-is-layout-flow\" style=\"flex-basis:33.33%\">\n<p class=\"has-gray-600-color has-text-color has-link-color wp-elements-be1273be3736c1b72e6053755ebe55de\">44 min<\/p>\n<\/div>\n\n\n\n<div class=\"wp-block-column is-layout-flow wp-block-column-is-layout-flow\" style=\"flex-basis:100%\"><\/div>\n<\/div>\n<\/div>\n<\/div>\n\n\n\n<div style=\"height:160px\" aria-hidden=\"true\" class=\"wp-block-spacer\"><\/div>\n\n\n\n<div class=\"wp-block-columns wp-embed-aspect-16-9 wp-has-aspect-ratio is-layout-flex wp-container-core-columns-is-layout-9d6595d7 wp-block-columns-is-layout-flex\" style=\"max-width:calc(1400px*var(--scale))\">\n<div class=\"wp-block-column is-layout-flow wp-block-column-is-layout-flow\" style=\"flex-basis:750px\">\n<figure class=\"wp-block-embed is-type-video is-provider-youtube wp-block-embed-youtube wp-embed-aspect-16-9 wp-has-aspect-ratio\"><div class=\"wp-block-embed__wrapper\">\n<iframe title=\"Chief Delivery Officer I Roles, Revealed\" width=\"500\" height=\"281\" src=\"https:\/\/www.youtube.com\/embed\/1r09RRlUiwM?feature=oembed\" frameborder=\"0\" allow=\"accelerometer; autoplay; clipboard-write; encrypted-media; gyroscope; picture-in-picture; web-share\" referrerpolicy=\"strict-origin-when-cross-origin\" allowfullscreen><\/iframe>\n<\/div><\/figure>\n<\/div>\n\n\n\n<div class=\"wp-block-column is-layout-flow wp-block-column-is-layout-flow\">\n<hr class=\"wp-block-separator has-css-opacity\"\/>\n\n\n\n<h4 class=\"wp-block-heading\" style=\"margin-top:calc(30px*var(--scale));padding-bottom:calc(30px*var(--scale))\">Chief Delivery Officer I Roles, Revealed<\/h4>\n\n\n\n<p><a href=\"https:\/\/www.youtube.com\/@decodehq\" target=\"_blank\" rel=\"noopener\"><\/a><\/p>\n\n\n\n<p style=\"padding-bottom:calc(30px*var(--scale))\">Delivery bedeutet mehr als nur Deadlines einzuhalten. In dieser Episode von Roles, Revealed erkl\u00e4rt Ante Baus, CDO bei DECODE, wie gute Delivery in der Praxis wirklich aussieht \u2013 vom Aufbau produktfokussierter Teams und der richtigen Personalauswahl bis hin zur Messung relevanter Delivery-Kennzahlen und dem Umgang mit Projekten, die aus dem Ruder laufen.<\/p>\n\n\n\n<div class=\"wp-block-columns is-layout-flex wp-container-core-columns-is-layout-9d6595d7 wp-block-columns-is-layout-flex\">\n<div class=\"wp-block-column is-layout-flow wp-block-column-is-layout-flow\" style=\"flex-basis:33.33%\">\n<p class=\"has-gray-600-color has-text-color has-link-color wp-elements-441428d757e43a05ebda53d5ab9488db\">19 min<\/p>\n<\/div>\n\n\n\n<div class=\"wp-block-column is-layout-flow wp-block-column-is-layout-flow\" style=\"flex-basis:100%\"><\/div>\n<\/div>\n<\/div>\n<\/div>\n\n\n\n<div style=\"height:160px\" aria-hidden=\"true\" class=\"wp-block-spacer\"><\/div>\n\n\n\n<div class=\"wp-block-columns wp-embed-aspect-16-9 wp-has-aspect-ratio is-layout-flex wp-container-core-columns-is-layout-9d6595d7 wp-block-columns-is-layout-flex\" style=\"max-width:calc(1400px*var(--scale))\">\n<div class=\"wp-block-column is-layout-flow wp-block-column-is-layout-flow\" style=\"flex-basis:750px\">\n<figure class=\"wp-block-embed is-type-video is-provider-youtube wp-block-embed-youtube wp-embed-aspect-16-9 wp-has-aspect-ratio\"><div class=\"wp-block-embed__wrapper\">\n<iframe title=\"Software Engineer I Roles, Revealed\" width=\"500\" height=\"281\" src=\"https:\/\/www.youtube.com\/embed\/1CE-2oHF1Kk?feature=oembed\" frameborder=\"0\" allow=\"accelerometer; autoplay; clipboard-write; encrypted-media; gyroscope; picture-in-picture; web-share\" referrerpolicy=\"strict-origin-when-cross-origin\" allowfullscreen><\/iframe>\n<\/div><\/figure>\n<\/div>\n\n\n\n<div class=\"wp-block-column is-layout-flow wp-block-column-is-layout-flow\">\n<hr class=\"wp-block-separator has-css-opacity\"\/>\n\n\n\n<h4 class=\"wp-block-heading\" style=\"margin-top:calc(30px*var(--scale));padding-bottom:calc(30px*var(--scale))\">Software Engineer I Roles, Revealed<\/h4>\n\n\n\n<p style=\"padding-bottom:calc(30px*var(--scale))\">Starke Produkte entstehen durch fundierte Engineering-Entscheidungen. In dieser Episode von Roles, Revealed zeigen unsere Softwareentwickler Vladimir Kolbas, Ivan Trogrlic und Matija Selendic, wie produktfokussiertes Engineering in echten Projekten aussieht. Sie sprechen \u00fcber die fr\u00fchzeitige Einbindung von Entwicklern, Codequalit\u00e4t und die Grunds\u00e4tze, die Teams langfristig erfolgreich machen.<\/p>\n\n\n\n<div class=\"wp-block-columns is-layout-flex wp-container-core-columns-is-layout-9d6595d7 wp-block-columns-is-layout-flex\">\n<div class=\"wp-block-column is-layout-flow wp-block-column-is-layout-flow\" style=\"flex-basis:33.33%\">\n<p class=\"has-gray-600-color has-text-color has-link-color wp-elements-8fcb312757750ccf0d21ac4966ead3d6\">35 min<\/p>\n<\/div>\n\n\n\n<div class=\"wp-block-column is-layout-flow wp-block-column-is-layout-flow\" style=\"flex-basis:100%\"><\/div>\n<\/div>\n<\/div>\n<\/div>\n\n\n\n<div style=\"height:160px\" aria-hidden=\"true\" class=\"wp-block-spacer wp-embed-aspect-16-9 wp-has-aspect-ratio\"><\/div>\n\n\n\n<div class=\"wp-block-columns wp-embed-aspect-16-9 wp-has-aspect-ratio is-layout-flex wp-container-core-columns-is-layout-9d6595d7 wp-block-columns-is-layout-flex\" style=\"max-width:calc(1400px*var(--scale))\">\n<div class=\"wp-block-column is-layout-flow wp-block-column-is-layout-flow\" style=\"flex-basis:750px\">\n<figure class=\"wp-block-embed is-type-video is-provider-youtube wp-block-embed-youtube wp-embed-aspect-16-9 wp-has-aspect-ratio\"><div class=\"wp-block-embed__wrapper\">\n<iframe title=\"Quality Assurance Engineer I Roles, Revealed\" width=\"500\" height=\"281\" src=\"https:\/\/www.youtube.com\/embed\/nAc1P-yRXzs?feature=oembed\" frameborder=\"0\" allow=\"accelerometer; autoplay; clipboard-write; encrypted-media; gyroscope; picture-in-picture; web-share\" referrerpolicy=\"strict-origin-when-cross-origin\" allowfullscreen><\/iframe>\n<\/div><\/figure>\n<\/div>\n\n\n\n<div class=\"wp-block-column is-layout-flow wp-block-column-is-layout-flow\">\n<hr class=\"wp-block-separator has-css-opacity\"\/>\n\n\n\n<h4 class=\"wp-block-heading\" style=\"margin-top:calc(30px*var(--scale));padding-bottom:calc(30px*var(--scale))\">Quality Assurance Engineer I Roles, Revealed<\/h4>\n\n\n\n<p style=\"padding-bottom:calc(30px*var(--scale))\">Qualit\u00e4tssicherung bedeutet mehr als das Aufsp\u00fcren von Bugs. In dieser Episode von Roles, Revealed erkl\u00e4rt Marko Brajer, QA Team Lead bei DECODE, wie der QA-Alltag wirklich aussieht \u2013 die enge Zusammenarbeit mit Entwicklern, die Frage, wo Automatisierung sinnvoll ist, und warum die Jagd nach fehlerfreier Software mehr schaden als n\u00fctzen kann.<\/p>\n\n\n\n<div class=\"wp-block-columns is-layout-flex wp-container-core-columns-is-layout-9d6595d7 wp-block-columns-is-layout-flex\">\n<div class=\"wp-block-column is-layout-flow wp-block-column-is-layout-flow\" style=\"flex-basis:33.33%\">\n<p class=\"has-gray-600-color has-text-color has-link-color wp-elements-be7f16a8e84c77e9da10123de2dd683f\">17 min<\/p>\n<\/div>\n\n\n\n<div class=\"wp-block-column is-layout-flow wp-block-column-is-layout-flow\" style=\"flex-basis:100%\">\n<p><\/p>\n<\/div>\n<\/div>\n<\/div>\n<\/div>\n\n\n\n<div style=\"height:160px\" aria-hidden=\"true\" class=\"wp-block-spacer wp-embed-aspect-16-9 wp-has-aspect-ratio\"><\/div>\n\n\n\n<div class=\"wp-block-columns wp-embed-aspect-16-9 wp-has-aspect-ratio is-layout-flex wp-container-core-columns-is-layout-9d6595d7 wp-block-columns-is-layout-flex\" style=\"max-width:calc(1400px*var(--scale))\">\n<div class=\"wp-block-column is-layout-flow wp-block-column-is-layout-flow\" style=\"flex-basis:750px\">\n<figure class=\"wp-block-embed is-type-video is-provider-youtube wp-block-embed-youtube wp-embed-aspect-16-9 wp-has-aspect-ratio\"><div class=\"wp-block-embed__wrapper\">\n<iframe title=\"Product Designer I Roles, Revealed\" width=\"500\" height=\"281\" src=\"https:\/\/www.youtube.com\/embed\/UkwGjSHDAKk?feature=oembed\" frameborder=\"0\" allow=\"accelerometer; autoplay; clipboard-write; encrypted-media; gyroscope; picture-in-picture; web-share\" referrerpolicy=\"strict-origin-when-cross-origin\" allowfullscreen><\/iframe>\n<\/div><\/figure>\n<\/div>\n\n\n\n<div class=\"wp-block-column is-layout-flow wp-block-column-is-layout-flow\">\n<hr class=\"wp-block-separator has-css-opacity\"\/>\n\n\n\n<h4 class=\"wp-block-heading\" style=\"margin-top:calc(30px*var(--scale));padding-bottom:calc(30px*var(--scale))\">Product Designer I Roles, Revealed<\/h4>\n\n\n\n<p style=\"padding-bottom:calc(30px*var(--scale))\">Design-Entscheidungen pr\u00e4gen, wie ein Produkt tats\u00e4chlich funktioniert. In dieser Episode von Roles, Revealed erkl\u00e4ren unsere Product Designer Matej Maric, Antonija Veselski und Stella Kralj, was produktfokussiertes Denken wirklich bedeutet, warum Design fr\u00fchzeitig eingebunden werden muss und wie ihre Ideen zu nutzbaren Produkten werden.<\/p>\n\n\n\n<div class=\"wp-block-columns is-layout-flex wp-container-core-columns-is-layout-9d6595d7 wp-block-columns-is-layout-flex\">\n<div class=\"wp-block-column is-layout-flow wp-block-column-is-layout-flow\" style=\"flex-basis:33.33%\">\n<p class=\"has-gray-600-color has-text-color has-link-color wp-elements-be7f16a8e84c77e9da10123de2dd683f\">17 min<\/p>\n<\/div>\n\n\n\n<div class=\"wp-block-column is-layout-flow wp-block-column-is-layout-flow\" style=\"flex-basis:100%\"><\/div>\n<\/div>\n<\/div>\n<\/div>\n\n\n\n<div style=\"height:160px\" aria-hidden=\"true\" class=\"wp-block-spacer wp-embed-aspect-16-9 wp-has-aspect-ratio\"><\/div>\n\n\n\n<div class=\"wp-block-columns wp-embed-aspect-16-9 wp-has-aspect-ratio is-layout-flex wp-container-core-columns-is-layout-9d6595d7 wp-block-columns-is-layout-flex\" style=\"max-width:calc(1400px*var(--scale))\">\n<div class=\"wp-block-column is-layout-flow wp-block-column-is-layout-flow\" style=\"flex-basis:750px\">\n<figure class=\"wp-block-embed is-type-video is-provider-youtube wp-block-embed-youtube wp-embed-aspect-16-9 wp-has-aspect-ratio\"><div class=\"wp-block-embed__wrapper\">\n<iframe title=\"Solution Architect I Roles, Revealed\" width=\"500\" height=\"281\" src=\"https:\/\/www.youtube.com\/embed\/g3fJZ5eq0u8?feature=oembed\" frameborder=\"0\" allow=\"accelerometer; autoplay; clipboard-write; encrypted-media; gyroscope; picture-in-picture; web-share\" referrerpolicy=\"strict-origin-when-cross-origin\" allowfullscreen><\/iframe>\n<\/div><\/figure>\n<\/div>\n\n\n\n<div class=\"wp-block-column is-layout-flow wp-block-column-is-layout-flow\">\n<hr class=\"wp-block-separator has-css-opacity\"\/>\n\n\n\n<h4 class=\"wp-block-heading\" style=\"margin-top:calc(30px*var(--scale));padding-bottom:calc(30px*var(--scale))\">Solution Architect I Roles, Revealed<\/h4>\n\n\n\n<p style=\"padding-bottom:calc(30px*var(--scale))\">Solution Architecture pr\u00e4gt Entscheidungen, lange bevor die Entwicklung beginnt. In dieser Episode von Roles, Revealed erkl\u00e4rt unsere Solution Architect Kristina Roskar, wie die Rolle Teams dabei hilft, fr\u00fch die richtigen technischen Entscheidungen zu treffen. Sie spricht \u00fcber das Abw\u00e4gen von Trade-offs, das Erkennen von Risiken und warum Planung so wichtig ist, wenn Software gebaut wird, die dauerhaft Bestand haben soll.<\/p>\n\n\n\n<div class=\"wp-block-columns is-layout-flex wp-container-core-columns-is-layout-9d6595d7 wp-block-columns-is-layout-flex\">\n<div class=\"wp-block-column is-layout-flow wp-block-column-is-layout-flow\" style=\"flex-basis:33.33%\">\n<p class=\"has-gray-600-color has-text-color has-link-color wp-elements-ccc02d3fad8259909b4cb46b9d2ffb70\">16 min<\/p>\n<\/div>\n\n\n\n<div class=\"wp-block-column is-layout-flow wp-block-column-is-layout-flow\" style=\"flex-basis:100%\"><\/div>\n<\/div>\n<\/div>\n<\/div>\n\n\n\n<div style=\"height:160px\" aria-hidden=\"true\" class=\"wp-block-spacer wp-embed-aspect-16-9 wp-has-aspect-ratio\"><\/div>\n\n\n\n<div class=\"wp-block-columns wp-embed-aspect-16-9 wp-has-aspect-ratio is-layout-flex wp-container-core-columns-is-layout-9d6595d7 wp-block-columns-is-layout-flex\" style=\"max-width:calc(1400px*var(--scale))\">\n<div class=\"wp-block-column is-layout-flow wp-block-column-is-layout-flow\" style=\"flex-basis:750px\">\n<figure class=\"wp-block-embed is-type-video is-provider-youtube wp-block-embed-youtube wp-embed-aspect-16-9 wp-has-aspect-ratio\"><div class=\"wp-block-embed__wrapper\">\n<iframe title=\"Technical Project Manager I Roles, Revealed\" width=\"500\" height=\"281\" src=\"https:\/\/www.youtube.com\/embed\/0h58SJxP0go?feature=oembed\" frameborder=\"0\" allow=\"accelerometer; autoplay; clipboard-write; encrypted-media; gyroscope; picture-in-picture; web-share\" referrerpolicy=\"strict-origin-when-cross-origin\" allowfullscreen><\/iframe>\n<\/div><\/figure>\n<\/div>\n\n\n\n<div class=\"wp-block-column is-layout-flow wp-block-column-is-layout-flow\">\n<hr class=\"wp-block-separator has-css-opacity\"\/>\n\n\n\n<h4 class=\"wp-block-heading\" style=\"margin-top:calc(30px*var(--scale));padding-bottom:calc(30px*var(--scale))\">Technical Project Manager I Roles, Revealed<\/h4>\n\n\n\n<p style=\"padding-bottom:calc(30px*var(--scale))\">Technisches Projektmanagement steht an der Schnittstelle von Produkt, Engineering und Delivery. In dieser Episode von Roles, Revealed erkl\u00e4ren unsere Technical PMs Josip Srbljic, Leon Mociljanin und Vedrana Colic, was die Rolle besonders macht. Sie erl\u00e4utern, warum technisches Tiefenwissen entscheidend ist, wie sie Risiken fr\u00fchzeitig erkennen und wie sie Klarheit in komplexe Projekte bringen.<\/p>\n\n\n\n<div class=\"wp-block-columns is-layout-flex wp-container-core-columns-is-layout-9d6595d7 wp-block-columns-is-layout-flex\">\n<div class=\"wp-block-column is-layout-flow wp-block-column-is-layout-flow\" style=\"flex-basis:33.33%\">\n<p class=\"has-gray-600-color has-text-color has-link-color wp-elements-efcb6669a95c49a9927935df24a62a31\">24 min<\/p>\n<\/div>\n\n\n\n<div class=\"wp-block-column is-layout-flow wp-block-column-is-layout-flow\" style=\"flex-basis:100%\"><\/div>\n<\/div>\n<\/div>\n<\/div>\n<\/div><\/div><\/section>\n","protected":false},"excerpt":{"rendered":"","protected":false},"author":11,"featured_media":0,"parent":0,"menu_order":0,"comment_status":"closed","ping_status":"closed","template":"","meta":{"footnotes":""},"class_list":["post-67904","page","type-page","status-publish","hentry"],"cmb2":{"all_pages_metabox":{"page_header_color_class":"header-black-white"},"pages_metabox":{"page_footer_cta":"cta1"}},"_links":{"self":[{"href":"https:\/\/decode.agency\/de\/wp-json\/wp\/v2\/pages\/67904","targetHints":{"allow":["GET"]}}],"collection":[{"href":"https:\/\/decode.agency\/de\/wp-json\/wp\/v2\/pages"}],"about":[{"href":"https:\/\/decode.agency\/de\/wp-json\/wp\/v2\/types\/page"}],"author":[{"embeddable":true,"href":"https:\/\/decode.agency\/de\/wp-json\/wp\/v2\/users\/11"}],"replies":[{"embeddable":true,"href":"https:\/\/decode.agency\/de\/wp-json\/wp\/v2\/comments?post=67904"}],"version-history":[{"count":0,"href":"https:\/\/decode.agency\/de\/wp-json\/wp\/v2\/pages\/67904\/revisions"}],"wp:attachment":[{"href":"https:\/\/decode.agency\/de\/wp-json\/wp\/v2\/media?parent=67904"}],"curies":[{"name":"wp","href":"https:\/\/api.w.org\/{rel}","templated":true}]}}