{"id":61281,"date":"2021-06-23T14:51:25","date_gmt":"2021-06-23T14:51:25","guid":{"rendered":"https:\/\/decode.agency\/?page_id=61281"},"modified":"2025-10-17T07:55:16","modified_gmt":"2025-10-17T07:55:16","slug":"datenschutz","status":"publish","type":"page","link":"https:\/\/decode.agency\/de\/datenschutz\/","title":{"rendered":"Daten\u00adschutz"},"content":{"rendered":"\n<section class=\"wp-block-decode-grid\"><div class=\"block-grid\"><div class=\"container\" style=\"padding-top:calc(120px*var(--scale))\">\n<h1 class=\"wp-block-heading\" style=\"max-width:calc(860px*var(--scale))\"><span class=\"text-uppercase\">Daten\u00adschutz\u00aderkl\u00e4rung<br><\/span><\/h1>\n<\/div><\/div><\/section>\n\n\n\n<section class=\"wp-block-decode-grid\"><div class=\"block-grid\"><div class=\"container\" style=\"padding-top:calc(100px*var(--scale));padding-bottom:calc(200px*var(--scale));max-width:840px\">\n<h3 class=\"wp-block-heading\" style=\"margin-bottom:calc(30px*var(--scale))\">Einf\u00fchrung<\/h3>\n\n\n\n<p style=\"padding-bottom:calc(30px*var(--scale))\">DECODE HQ Ltd (im Folgenden &#8222;DECODE&#8220;) ist ein strategischer Full-Service-Softwareentwicklungspartner. Wir entwickeln ma\u00dfgeschneiderte Apps f\u00fcr Android und iOS sowie komplexe Web-L\u00f6sungen. <br><br>DECODE ist dem Schutz Ihrer Daten verpflichtet. Nachfolgend informieren wir Sie \u00fcber die Erhebung, Nutzung und Speicherung von personenbezogenen Daten bei der Nutzung unserer Website (www.decode.agency). Personenbezogene Daten sind alle Daten, mit denen Sie pers\u00f6nlich identifiziert werden k\u00f6nnen, wie z. B. Name, Adresse, E-Mail-Adressen und Nutzerverhalten.<br><br><strong>Wer ist der f\u00fcr die Datenverarbeitung Verantwortliche?<\/strong><\/p>\n\n\n\n<p><strong>DECODE Services GmbH<\/strong><br>Hammer Str. 19 <br>40219 D\u00fcsseldorf<br>Deutschland<\/p>\n\n\n\n<p>Telefon:\u00a0<a href=\"https:\/\/192.168.2.251\/Caller\/?number=+497216190960\"><\/a><a href=\"https:\/\/www.google.com\/search?q=decode+services+GmbH&amp;oq=decode+services+&amp;gs_lcrp=EgZjaHJvbWUqBggAEEUYOzIGCAAQRRg7MgoIARBFGBYYHhg5MggIAhAAGBYYHjIICAMQABgWGB4yCAgEEAAYFhgeMggIBRAAGBYYHjIKCAYQABgKGBYYHjIICAcQABgWGB4yCAgIEAAYFhgeMggICRAAGBYYHtIBCTI5MDRqMGoxNagCCLACAQ&amp;sourceid=chrome&amp;ie=UTF-8#\" target=\"_blank\" rel=\"noopener\">+49 <\/a>211 90 99 13 00<br>E-Mail:\u00a0<a href=\"mailto:team@generic.de\">business@decode.agency<\/a><\/p>\n\n\n\n<p style=\"padding-bottom:calc(30px*var(--scale))\">Website: <a href=\"https:\/\/decode.agency\/de\/\">decode.agency<\/a><\/p>\n\n\n\n<p><br><strong>DECODE<br><\/strong>Radni\u010dka cesta 47<br>10 000 Zagreb, Kroatien<\/p>\n\n\n\n<p>E-Mail: business@decode.agency<br>Telefon: +385 97 658 9455<\/p>\n\n\n\n<div style=\"height:40px\" aria-hidden=\"true\" class=\"wp-block-spacer\"><\/div>\n\n\n\n<p><meta charset=\"utf-8\">DECODE ist ein eingetragenes Unternehmen und beim Handelsgericht in Zagreb in der Republik Kroatien registriert. <\/p>\n\n\n\n<p><br>Gerichtsregisternummer: 080802501<\/p>\n\n\n\n<p>PIN: 20903022276<br>Umsatzsteuer-Identifikationsnummer: HR20903022276<br>GIRO-Konto IBAN: HR1623400091110532862 <br>SWIFT: PBZGHR2X<\/p>\n\n\n\n<h3 class=\"wp-block-heading\" style=\"margin-top:calc(80px*var(--scale));margin-bottom:calc(30px*var(--scale))\"><strong>Unser Vorgehen bei der Erhebung personenbezogener Daten<\/strong><\/h3>\n\n\n\n<p style=\"margin-bottom:calc(20px*var(--scale))\">Wir sammeln nicht mehr personenbezogene Daten als n\u00f6tig und verarbeiten sie auf rechtm\u00e4\u00dfige, faire und transparente Weise. Sie sind nicht gesetzlich verpflichtet, uns Ihre personenbezogenen Daten zur Verf\u00fcgung zu stellen, und k\u00f6nnen dies aus freiem Willen tun (oder vermeiden).<br><br><strong>Welche personenbezogenen Daten wir sammeln<\/strong><br><\/p>\n\n\n\n<ul style=\"margin-bottom:calc(40px*var(--scale))\" class=\"wp-block-list is-style-style-5\">\n<li><strong>Pers\u00f6nliche Informationen, die Sie uns freiwillig geben<\/strong><br>DECODE sammelt personenbezogene Daten wie Vorname, Nachname, E-Mail-Adresse und Telefonnummer nur dann, wenn <strong>Sie uns<\/strong> diese Daten <strong>freiwillig \u00fcbermitteln<\/strong>.<\/li>\n\n\n\n<li><strong>Informationen, die wir \u00fcber Sie sammeln und die automatisch protokolliert werden<\/strong><br>Wenn Sie unsere Website besuchen, erfassen wir automatisch Informationen \u00fcber Ihre Computerhardware und -software. Diese Informationen k\u00f6nnen Ihre IP-Adresse, den Browsertyp, Dom\u00e4nennamen, den Internetdienstanbieter (ISP), die auf unserer Website angezeigten Dateien (z. B. HTML-Seiten, Grafiken usw.), das Betriebssystem, Clickstream-Daten, Zugriffszeiten und die Adressen der verweisenden Websites umfassen. Ferner Informationen \u00fcber Ihren Besuch, einschlie\u00dflich des vollst\u00e4ndigen Uniform Resource Locators (URL) Clickstreams zu, durch und von unserer Website (einschlie\u00dflich Datum und Uhrzeit); Seiten, die Sie angesehen oder nach denen Sie gesucht haben; Seitenreaktionszeiten, Download-Fehler, Dauer der Besuche auf bestimmten Seiten, Informationen \u00fcber die Seiteninteraktion (wie Scrollen, Klicks und Mouse-overs).<br><\/li>\n<\/ul>\n\n\n\n<p style=\"margin-bottom:calc(20px*var(--scale))\"><strong>Wie wir Ihre pers\u00f6nlichen Daten sammeln<\/strong><br><\/p>\n\n\n\n<ul class=\"wp-block-list is-style-style-5\">\n<li>Wenn Sie uns f\u00fcr neue Gesch\u00e4fte, Besch\u00e4ftigung, Sponsoring, Medienanfragen oder Sonstiges \u00fcber unsere E-Mail-Adresse, Telefonnummer, unser Konto in den sozialen Medien oder durch Ausf\u00fcllen von Formularen auf dieser Website kontaktieren.<\/li>\n\n\n\n<li>Wenn Sie sich f\u00fcr unseren Newsletter anmelden.<\/li>\n\n\n\n<li>Wenn Sie Inhalte von unserer Website herunterladen, wie z. B. eBooks, White Papers usw.<\/li>\n\n\n\n<li>Durch die Nutzung von Diensten Dritter.<\/li>\n<\/ul>\n\n\n\n<h3 class=\"wp-block-heading\" style=\"margin-top:calc(80px*var(--scale));margin-bottom:calc(30px*var(--scale))\">Rechtsgrundlage f\u00fcr die Verarbeitung<\/h3>\n\n\n\n<p style=\"margin-bottom:calc(30px*var(--scale))\">Wir k\u00f6nnen Ihre personenbezogenen Daten auf der Grundlage von vier Rechtsgrundlagen verarbeiten:<br><\/p>\n\n\n\n<p style=\"margin-bottom:calc(20px*var(--scale))\"><strong>Einwilligung<\/strong><br>Wir verarbeiten personenbezogene Daten auf der Grundlage der Einwilligung des Nutzers, wenn dieser Informationen \u00fcber unser Kontaktformular \u00fcbermittelt oder sich f\u00fcr unseren Newsletter anmeldet.<br><\/p>\n\n\n\n<p style=\"margin-bottom:calc(20px*var(--scale))\"><strong>Vertragliche Beziehung<\/strong><br>Wenn die Verarbeitung Ihrer personenbezogenen Daten zur Erf\u00fcllung unserer vertraglichen Verpflichtungen erforderlich ist.<br><\/p>\n\n\n\n<p style=\"margin-bottom:calc(20px*var(--scale))\"><strong>Gesetzliche Verpflichtung<\/strong><br>Wenn wir verpflichtet sind, personenbezogene Daten zu verarbeiten, um gesetzlichen Verpflichtungen nachzukommen, wie z. B. die F\u00fchrung von Finanzunterlagen gem\u00e4\u00df den Steuer- und Buchhaltungsgesetzen oder die Beantwortung rechtm\u00e4\u00dfiger Anfragen von zust\u00e4ndigen Beh\u00f6rden.<br><\/p>\n\n\n\n<p style=\"margin-bottom:calc(20px*var(--scale))\"><strong>Legitimes Interesse<\/strong><br>Wenn wir ein berechtigtes Interesse an der Verarbeitung personenbezogener Daten haben, z. B. um unsere Kunden f\u00fcr m\u00f6gliche Folgeprojekte und -angebote zu kontaktieren.<\/p>\n\n\n\n<h3 class=\"wp-block-heading\" style=\"margin-top:calc(80px*var(--scale));margin-bottom:calc(30px*var(--scale))\">Wie wir personenbezogene Daten verwenden<\/h3>\n\n\n\n<p style=\"margin-bottom:calc(20px*var(--scale))\">Alle personenbezogenen Daten, die wir \u00fcber Sie sammeln, werden nicht f\u00fcr einen unvereinbaren Zweck verwendet.<br><br>Wir erheben personenbezogene Daten nur zur Beantwortung von Anfragen und zur Pflege von Kundenbeziehungen, f\u00fcr Marketing-\/Werbema\u00dfnahmen, gezielte Werbung sowie f\u00fcr analytische und Einstellungszwecke.<\/p>\n\n\n\n<ul class=\"wp-block-list is-style-style-5\">\n<li><strong>Zur Beantwortung von Anfragen und zur Pflege der Kundenbeziehung<\/strong><br>Ihre pers\u00f6nlichen Daten wie Vorname, Nachname, E-Mail-Adresse und Telefonnummer sowie andere Informationen, die Sie uns in einer Anfrage, per E-Mail oder \u00fcber Formulare auf dieser Website mitteilen, werden in unserem CMS-System gespeichert und nur f\u00fcr Zwecke der Gesch\u00e4ftsentwicklung verwendet.<br><br>Wir werden Ihre Daten so lange speichern, wie es f\u00fcr die Bearbeitung Ihrer Anfrage erforderlich ist, w\u00e4hrend unserer (vor-)vertraglichen Beziehung und f\u00fcr die Dauer, die durch gesetzliche Verpflichtungen in Bezug auf unsere Gesch\u00e4ftspartnerschaften oder andere berufliche Kontakte vorgeschrieben ist. Dar\u00fcber hinaus k\u00f6nnen wir Ihre Kontaktdaten aufbewahren, um Sie f\u00fcr potenzielle Folgeprojekte oder -angebote anzusprechen oder um Feedback zu erbitten, was auf unserem berechtigten Interesse beruht.<\/li>\n\n\n\n<li><strong>Zwecke der Besch\u00e4ftigung<\/strong><br>Wir erheben personenbezogene Daten f\u00fcr Einstellungs- und Rekrutierungszwecke, indem wir ein von Bamboo HR entwickeltes Drittanbieter-Bewerberverfolgungssystem verwenden, das Ihre pers\u00f6nlichen Daten mit h\u00f6chster Integrit\u00e4t verwaltet. Die Daten, die wir sammeln, sind pers\u00f6nliche Informationen, die Sie uns mitteilen. Wir sammeln auch personenbezogene Daten aus anderen Quellen. Wir k\u00f6nnen personenbezogene Daten \u00fcber Sie aus der Suche nach potenziellen Kandidaten aus Drittquellen wie LinkedIn und anderen Job-Websites erhalten.<\/li>\n\n\n\n<li><strong>Marketing\/Werbema\u00dfnahmen<\/strong><br>Wenn Sie Ihre E-Mail-Adresse in das Formular eintragen, um unseren Newsletter zu erhalten, wird Ihre E-Mail-Adresse nur f\u00fcr diesen speziellen Zweck verwendet. Sie erhalten solange Updates von uns, bis Sie den Newsletter abbestellen, indem Sie auf den Abmeldelink unten in jedem Newsletter klicken oder uns eine E-Mail an business@decode.agency schicken. <br><br>Wir bieten auf unserer Website B\u00fccher, Wei\u00dfb\u00fccher und andere herunterladbare Inhalte an. Vor dem Herunterladen solcher Inhalte werden Sie aufgefordert, Ihre pers\u00f6nlichen Daten anzugeben. Wir verwenden Ihre E-Mail-Adresse, um angeforderte Ressourcen zu versenden und um Feedback einzuholen. Wir k\u00f6nnen Ihre E-Mail-Adresse auch verwenden, um Sie zu Zwecken der Gesch\u00e4ftsentwicklung zu kontaktieren, jedoch nur, nachdem wir festgestellt haben, dass unsere Produkte oder Dienstleistungen f\u00fcr Sie von Interesse sind.<\/li>\n\n\n\n<li><span class=\"fw-500\"><strong>Analytische Zwecke <\/strong><\/span><br>Wenn Sie unsere Website lediglich zu Informationszwecken nutzen und uns keine Informationen \u00fcbermitteln, erheben wir nur die personenbezogenen Daten, die Ihr Browser an unseren Server \u00fcbermittelt. Diese Arten von Daten werden nur f\u00fcr statistische Zwecke verwendet.<\/li>\n<\/ul>\n\n\n\n<h3 class=\"wp-block-heading\" style=\"margin-top:calc(80px*var(--scale));margin-bottom:calc(30px*var(--scale))\">Wie wir Cookies verwenden<\/h3>\n\n\n\n<p style=\"margin-bottom:calc(20px*var(--scale))\">Um unsere Website so benutzerfreundlich wie m\u00f6glich zu gestalten, verwenden wir &#8211; wie viele namhafte Unternehmen &#8211; sogenannte Cookies. Cookies sind kleine Textdateien, die auf Ihrem Computer gespeichert werden, wenn Sie unsere Website besuchen. Dies erm\u00f6glicht es uns, unsere Website individueller f\u00fcr den Nutzer zu gestalten. <br><br>Wir verwenden:<\/p>\n\n\n\n<ul class=\"wp-block-list is-style-style-5\">\n<li>Erforderliche Cookies<\/li>\n\n\n\n<li>Funktionale Cookies<\/li>\n\n\n\n<li>Analyse-Cookies<\/li>\n\n\n\n<li>Leistungs-Cookies<\/li>\n\n\n\n<li>Zielgerichtete Cookies<\/li>\n<\/ul>\n\n\n\n<p><br>Wenn Sie mehr dar\u00fcber erfahren m\u00f6chten, wie wir diese Technologien verwenden und welche M\u00f6glichkeiten Sie in Bezug auf diese Tracking-Technologien haben, lesen Sie bitte unsere <strong><a href=\"https:\/\/decode.agency\/cookie-policy\/\" target=\"_blank\" rel=\"noreferrer noopener\">Cookie-Richtlinie<\/a>. <\/strong><\/p>\n\n\n\n<h3 class=\"wp-block-heading\" style=\"margin-top:calc(80px*var(--scale));margin-bottom:calc(30px*var(--scale))\">Vorratsspeicherung von Daten<\/h3>\n\n\n\n<p>Wir werden Ihre personenbezogenen Daten so lange bei uns speichern, wie wir sie ben\u00f6tigen, um die Zwecke zu erf\u00fcllen, f\u00fcr die sie, wie in dieser Datenschutzerkl\u00e4rung beschrieben, erhoben wurden. <br><br>Sie haben die Kontrolle und k\u00f6nnen Ihre Einwilligung jederzeit widerrufen, indem Sie sich an den Datenschutzbeauftragten unter business@decode.agency wenden.<\/p>\n\n\n\n<h3 class=\"wp-block-heading\" style=\"margin-top:calc(80px*var(--scale));margin-bottom:calc(30px*var(--scale))\">Gemeinsame Nutzung und Offenlegung von Daten<\/h3>\n\n\n\n<p>Wir geben Ihre personenbezogenen Daten intern und extern weiter. <br><br><strong>Intern<\/strong><br>Ihre pers\u00f6nlichen Daten werden nur an unsere Mitarbeiter und Partner weitergegeben, wenn diese sie ben\u00f6tigen. <br><br><strong>Extern<\/strong><br>Wir arbeiten mit sorgf\u00e4ltig ausgew\u00e4hlten Unternehmen zusammen und nutzen deren Tools und Dienstleistungen in verschiedenen Bereichen. Unsere Kooperationspartner befinden sich in der EU, den USA, dem Vereinigten K\u00f6nigreich und Kanada. F\u00fcr eine umfassende Liste der Unternehmen, mit denen wir Ihre Daten teilen, wenden Sie sich bitte an uns unter business@decode.agency.<br><br>Wir k\u00f6nnen gesetzlich verpflichtet sein, Ihre personenbezogenen Daten offenzulegen, wenn dies durch Gerichtsverfahren oder gerichtliche Anordnungen von Regierungsbeh\u00f6rden vorgeschrieben ist, insbesondere zu Zwecken der Strafverfolgung, der nationalen Sicherheit, der Terrorismusbek\u00e4mpfung oder zu anderen Zwecken der \u00f6ffentlichen Sicherheit.<\/p>\n\n\n\n<h3 class=\"wp-block-heading\" style=\"margin-top:calc(80px*var(--scale));margin-bottom:calc(30px*var(--scale))\">Sicherheit der Daten<\/h3>\n\n\n\n<p>Als zertifizierte Inhaber des ISO\/IEC 27001-Zertifikats k\u00f6nnen Sie darauf vertrauen, dass alle unsere Prozesse, Protokolle, Systeme, \u00dcbertragungen, Datenbanken usw. strengen Tests unterzogen werden, um ihre Sicherheit und \u00dcberpr\u00fcfung zu gew\u00e4hrleisten.<br><br>Um den Datenschutz zu gew\u00e4hrleisten, setzen wir physische, technische und administrative Ma\u00dfnahmen ein, wie z. B.:<br><br><\/p>\n\n\n\n<ul class=\"wp-block-list is-style-style-5\">\n<li>regelm\u00e4\u00dfige Aktualisierung und Pr\u00fcfung unserer Sicherheitstechnologie;<\/li>\n\n\n\n<li>Einf\u00fchrung von Technologien mit h\u00f6chsten Sicherheitsstandards;<\/li>\n\n\n\n<li>Sicherstellung, dass unsere Partner GDPR-konform sind;<\/li>\n\n\n\n<li>Zugang zu personenbezogenen Daten nur f\u00fcr befugte Mitarbeiter<\/li>\n\n\n\n<li>Schulung der Mitarbeiter \u00fcber die Datenschutzgrundverordnung und Ergreifen geeigneter Disziplinarma\u00dfnahmen<\/li>\n\n\n\n<li>Ma\u00dfnahmen zur Durchsetzung der Verantwortung der Mitarbeiter f\u00fcr den Datenschutz.<\/li>\n<\/ul>\n\n\n\n<h3 class=\"wp-block-heading\" style=\"margin-top:calc(80px*var(--scale));margin-bottom:calc(30px*var(--scale))\">Internationale Daten\u00fcbermittlung<\/h3>\n\n\n\n<p style=\"margin-bottom:calc(20px*var(--scale))\">Wir legen Wert darauf, den gr\u00f6\u00dften Teil unserer Datenverarbeitung innerhalb der EU zu lokalisieren.<br><\/p>\n\n\n\n<p style=\"margin-bottom:calc(20px*var(--scale))\">Einige Tools von Drittanbietern werden jedoch von Dienstleistern au\u00dferhalb der EU oder von in der EU ans\u00e4ssigen Unternehmen zur Verf\u00fcgung gestellt, die Daten mit Tochtergesellschaften au\u00dferhalb der EU austauschen.<br><\/p>\n\n\n\n<p style=\"margin-bottom:calc(20px*var(--scale))\">Nach der DSGVO m\u00fcssen Daten\u00fcbermittlungen an Drittl\u00e4nder oder internationale Organisationen ein angemessenes Schutzniveau gew\u00e4hrleisten. In F\u00e4llen, in denen kein Angemessenheitsbeschluss vorliegt, wenden wir angemessene zus\u00e4tzliche Schutzma\u00dfnahmen f\u00fcr Daten\u00fcbermittlungen an, einschlie\u00dflich schriftlicher Vertr\u00e4ge auf der Grundlage der von der Europ\u00e4ischen Kommission vorgeschriebenen Standardvertragsklauseln.<br><\/p>\n\n\n\n<p>Auf Anfrage k\u00f6nnen Sie Informationen \u00fcber Daten\u00fcbertragungen in Nicht-EU-L\u00e4nder erhalten, und wir stellen sicher, dass unsere Partner zus\u00e4tzliche Ma\u00dfnahmen, Sicherheitsvorkehrungen und Richtlinien umsetzen. Dar\u00fcber hinaus k\u00f6nnen wir Ihre Daten zu Gesch\u00e4ftszwecken an verbundene Unternehmen au\u00dferhalb der EU weitergeben, wobei wir sicherstellen, dass die gesamte Kommunikation \u00fcber sichere Kan\u00e4le erfolgt und mit dieser Datenschutzrichtlinie im Einklang steht.<\/p>\n\n\n\n<h3 class=\"wp-block-heading\" style=\"margin-top:calc(80px*var(--scale));margin-bottom:calc(30px*var(--scale))\">Liste der Rechte der betroffenen Person<\/h3>\n\n\n\n<ol class=\"wp-block-list is-style-default\">\n<li>Recht auf Auskunft (Artikel 15 DSGVO).<br><br><\/li>\n\n\n\n<li>Recht auf Berichtigung (GDPR Artikel 16).<br><br><\/li>\n\n\n\n<li>Recht auf L\u00f6schung oder Recht auf Vergessenwerden mit zus\u00e4tzlichen Bestimmungen, u. a. wenn personenbezogene Daten ver\u00f6ffentlicht wurden (Artikel 17 DSGVO).<br><br><\/li>\n\n\n\n<li>Recht auf Einschr\u00e4nkung der Verarbeitung (GDPR Artikel 18).<br><br><\/li>\n\n\n\n<li>Recht auf Information (Artikel 19 GDPR).<br><br><\/li>\n\n\n\n<li>Recht auf Daten\u00fcbertragbarkeit (GDPR Artikel 20).<br><br><\/li>\n\n\n\n<li>Recht auf Widerspruch (Artikel 21 DSGVO).<br><br><\/li>\n\n\n\n<li>Recht, keiner ausschlie\u00dflich auf einer automatisierten Verarbeitung &#8211; einschlie\u00dflich Profiling &#8211; beruhenden Entscheidung unterworfen zu werden, die ihr gegen\u00fcber rechtliche Wirkung entfaltet oder sie in \u00e4hnlicher Weise erheblich beeintr\u00e4chtigt (Artikel 22 DSGVO).<\/li>\n<\/ol>\n\n\n\n<h3 class=\"wp-block-heading\" style=\"margin-top:calc(80px*var(--scale));margin-bottom:calc(30px*var(--scale))\">Wie Sie uns kontaktieren k\u00f6nnen<\/h3>\n\n\n\n<p>F\u00fcr Fragen, Beschwerden oder andere Anliegen bez\u00fcglich der Verarbeitung Ihrer pers\u00f6nlichen Daten:<br><br><\/p>\n\n\n\n<p style=\"padding-bottom:calc(30px*var(--scale))\">Senden Sie uns eine E-Mail an: business@decode.agency<br>Oder schreiben Sie uns an: <br><br><strong>Radni\u010dka cesta 47, <\/strong><br>10 000 Zagreb<br>Kroatien<\/p>\n\n\n\n<p><strong>Hammer Str. 19 <br><\/strong>40219 D\u00fcsseldorf<br>Deutschland<\/p>\n\n\n\n<p><br><br><\/p>\n\n\n\n<p>Datum des Inkrafttretens: 5. Februar 2024<\/p>\n<\/div><\/div><\/section>\n\n\n\n<p><\/p>\n","protected":false},"excerpt":{"rendered":"","protected":false},"author":3,"featured_media":0,"parent":0,"menu_order":0,"comment_status":"closed","ping_status":"closed","template":"","meta":{"footnotes":""},"class_list":["post-61281","page","type-page","status-publish","hentry"],"cmb2":{"all_pages_metabox":{"page_header_color_class":"header-white-black"},"pages_metabox":{"page_footer_cta":"cta1"}},"_links":{"self":[{"href":"https:\/\/decode.agency\/de\/wp-json\/wp\/v2\/pages\/61281","targetHints":{"allow":["GET"]}}],"collection":[{"href":"https:\/\/decode.agency\/de\/wp-json\/wp\/v2\/pages"}],"about":[{"href":"https:\/\/decode.agency\/de\/wp-json\/wp\/v2\/types\/page"}],"author":[{"embeddable":true,"href":"https:\/\/decode.agency\/de\/wp-json\/wp\/v2\/users\/3"}],"replies":[{"embeddable":true,"href":"https:\/\/decode.agency\/de\/wp-json\/wp\/v2\/comments?post=61281"}],"version-history":[{"count":0,"href":"https:\/\/decode.agency\/de\/wp-json\/wp\/v2\/pages\/61281\/revisions"}],"wp:attachment":[{"href":"https:\/\/decode.agency\/de\/wp-json\/wp\/v2\/media?parent=61281"}],"curies":[{"name":"wp","href":"https:\/\/api.w.org\/{rel}","templated":true}]}}