{"id":61025,"date":"2025-03-10T10:45:15","date_gmt":"2025-03-10T10:45:15","guid":{"rendered":"https:\/\/decode.agency\/?page_id=61025"},"modified":"2025-07-23T14:12:20","modified_gmt":"2025-07-23T14:12:20","slug":"transport-und-logistik","status":"publish","type":"page","link":"https:\/\/decode.agency\/de\/work\/transport-und-logistik\/","title":{"rendered":"Transport und Logistik"},"content":{"rendered":"\n<section class=\"wp-block-decode-grid\"><div class=\"block-grid\"><div class=\"container\" style=\"padding-top:calc(120px*var(--scale));padding-bottom:calc(100px*var(--scale))\">\n<h1 class=\"wp-block-heading\" style=\"max-width:calc(1170px*var(--scale));margin-right:auto;margin-bottom:calc(30px*var(--scale));margin-left:0\"><span class=\"text-uppercase\"><span class=\"wb-sm\">Transport<\/span><\/span> &amp; LOGISTIK<\/h1>\n\n\n\n<h4 class=\"wp-block-heading has-24-font-size max-width-md-100 indent\" style=\"max-width:calc(840px*var(--scale));margin-right:auto;margin-left:0\">Im Transportwesen kommt es auf Pr\u00e4zision an. Wir entwickeln Software, die Speditions-, Bahn- und Logistikunternehmen dabei hilft, Sendungen zu verfolgen, Routen zu optimieren und Kosten zu senken &#8211; damit G\u00fcter bewegt werden und Unternehmen wachsen k\u00f6nnen.<\/h4>\n\n\n<style type=\"text\/css\">@media (min-width: 1200px) { .block-vertical-spacer__e640c586-9be0-4970-956b-c2b0e383f241 { height: calc(200px*var(--scale)); width: 100%; } } @media (min-width: 992px) and (max-width: 1199px) { .block-vertical-spacer__e640c586-9be0-4970-956b-c2b0e383f241 { height: calc(200px*var(--scale)); width: 100%; } } @media (min-width: 768px) and (max-width: 991px) { .block-vertical-spacer__e640c586-9be0-4970-956b-c2b0e383f241 { height: calc(200px*var(--scale)); width: 100%; } } @media (max-width: 767px) { .block-vertical-spacer__e640c586-9be0-4970-956b-c2b0e383f241 { height: calc(200px*var(--scale)); width: 100%; } } <\/style>\n<section><block class=\"block-spacer-responsive block-vertical-spacer__e640c586-9be0-4970-956b-c2b0e383f241\" id=\"\"><\/block><\/section>\n\n\n<figure class=\"wp-block-image size-full\"><img decoding=\"async\" src=\"https:\/\/decode.agency\/wp-content\/uploads\/2025\/03\/Railway-hero.svg\" alt=\"\" class=\"wp-image-60983\"><\/figure>\n\n\n<style type=\"text\/css\">@media (min-width: 1200px) { .block-vertical-spacer__e640c586-9be0-4970-956b-c2b0e383f241 { height: calc(200px*var(--scale)); width: 100%; } } @media (min-width: 992px) and (max-width: 1199px) { .block-vertical-spacer__e640c586-9be0-4970-956b-c2b0e383f241 { height: calc(200px*var(--scale)); width: 100%; } } @media (min-width: 768px) and (max-width: 991px) { .block-vertical-spacer__e640c586-9be0-4970-956b-c2b0e383f241 { height: calc(200px*var(--scale)); width: 100%; } } @media (max-width: 767px) { .block-vertical-spacer__e640c586-9be0-4970-956b-c2b0e383f241 { height: calc(200px*var(--scale)); width: 100%; } } <\/style>\n<section><block class=\"block-spacer-responsive block-vertical-spacer__e640c586-9be0-4970-956b-c2b0e383f241\" id=\"\"><\/block><\/section>\n\n\n<h2 class=\"wp-block-heading has-120-font-size\" id=\"positions2\" style=\"max-width:calc(774px*var(--scale))\">WAS WIR TUN K\u00d6NNEN<\/h2>\n\n\n\n<p class=\"has-24-font-size\" style=\"max-width:calc(840px*var(--scale));margin-top:calc(30px*var(--scale));margin-right:auto;margin-bottom:0;margin-left:0\">Es gibt zwei zentrale Ans\u00e4tze, mit denen wir Ihren Betrieb unterst\u00fctzen k\u00f6nnen:<\/p>\n\n\n\n<div class=\"wp-block-columns has-text-color stacked-md stacked-sm is-layout-flex wp-container-core-columns-is-layout-9d6595d7 wp-block-columns-is-layout-flex\" style=\"padding-top:calc(80px*var(--scale));padding-bottom:calc(100px*var(--scale))\">\n<div class=\"wp-block-column has-black-color has-text-color is-layout-flow wp-block-column-is-layout-flow\">\n<h3 class=\"wp-block-heading has-text-color has-link-color has-36-font-size wp-elements-50677d143ed5a80448b5246890f9e504\" style=\"max-width:calc(500px*var(--scale));margin-top:calc(30px*var(--scale));margin-bottom:calc(20px*var(--scale))\">Wir verbessern Ihre <br>bestehenden L\u00f6sungen<\/h3>\n\n\n\n<p class=\"has-text-color max-width-md-100 max-width-sm-100\" style=\"max-width:calc(460px*var(--scale));margin-bottom:calc(30px*var(--scale))\">Wenn Ihre derzeitigen Systeme Sie ausbremsen, machen wir sie schneller, intelligenter und zuverl\u00e4ssiger. Ganz gleich, ob es um die Optimierung Ihres Transportmanagementsystems (TMS), die Verbesserung der Echtzeitverfolgung oder die Automatisierung manueller Prozesse geht: Wir aktualisieren Ihre bestehende Software, um die Effizienz zu steigern und Kosten zu senken.<\/p>\n<\/div>\n\n\n\n<div class=\"wp-block-column is-layout-flow wp-block-column-is-layout-flow\">\n<h3 class=\"wp-block-heading has-text-color has-link-color has-36-font-size wp-elements-4d7ffe3fe7887bf17303c49f84bf21b1\" style=\"max-width:calc(500px*var(--scale));margin-top:calc(30px*var(--scale));margin-bottom:calc(20px*var(--scale))\">Wir erstellen ein ma\u00dfgeschneidertes <br>System von Grund auf <\/h3>\n\n\n\n<p class=\"has-text-color max-width-md-100 max-width-sm-100\" style=\"max-width:calc(460px*var(--scale));margin-bottom:calc(30px*var(--scale))\">Wir entwerfen und entwickeln ma\u00dfgeschneiderte Transport-, Flottenmanagement- und Lieferkettensoftware, die auf Ihr Unternehmen zugeschnitten ist. Von KI-gest\u00fctzter Routenoptimierung bis hin zu pr\u00e4diktiver Analytik f\u00fcr Bedarfsprognosen &#8211; wir entwickeln Technologien, die Ihnen einen Wettbewerbsvorteil verschaffen und mit Ihrem Wachstum mitwachsen.<\/p>\n<\/div>\n<\/div>\n\n\n\n<h2 class=\"wp-block-heading\" style=\"max-width:calc(840px*var(--scale));margin-bottom:calc(80px*var(--scale));padding-top:calc(100px*var(--scale))\">Abdeckung s\u00e4mtlichen Transportbedarfs<\/h2>\n\n\n\n<div class=\"row row-cols-1 row-cols-sm-1 row-cols-md-2 row-cols-lg-3 row-cols-xl-3 row-cols-xxl-3\">\n<div class=\"col\" style=\"padding-bottom:calc(120px*var(--scale))\">\n<figure class=\"wp-block-image size-full ratio ratio-1-1\"><img decoding=\"async\" width=\"910\" height=\"890\" src=\"https:\/\/decode.agency\/wp-content\/uploads\/2025\/03\/Freight-and-fleet-management.png\" alt=\"Freight and fleet management\" class=\"wp-image-60917\" srcset=\"https:\/\/decode.agency\/wp-content\/uploads\/2025\/03\/Freight-and-fleet-management.png 910w, https:\/\/decode.agency\/wp-content\/uploads\/2025\/03\/Freight-and-fleet-management-700x685.png 700w, https:\/\/decode.agency\/wp-content\/uploads\/2025\/03\/Freight-and-fleet-management-330x323.png 330w, https:\/\/decode.agency\/wp-content\/uploads\/2025\/03\/Freight-and-fleet-management-455x445.png 455w\" sizes=\"(max-width: 910px) 100vw, 910px\" \/><\/figure>\n\n\n\n<h4 class=\"wp-block-heading\" style=\"margin-top:calc(30px*var(--scale));margin-bottom:calc(20px*var(--scale))\">Fracht- und Flottenmanagement<\/h4>\n\n\n\n<p>Wir entwickeln Software zur Optimierung von Routen, zur Verfolgung von Sendungen in Echtzeit und zur Maximierung der Kraftstoffeffizienz. Ganz gleich, ob Sie ein ma\u00dfgeschneidertes Transportmanagementsystem (TMS) oder Integrationen mit bestehenden Tools ben\u00f6tigen, wir haben die L\u00f6sung f\u00fcr Sie.<\/p>\n<\/div>\n\n\n\n<div class=\"col\" style=\"padding-bottom:calc(120px*var(--scale))\">\n<figure class=\"wp-block-image size-full ratio ratio-1-1\"><img decoding=\"async\" width=\"910\" height=\"910\" src=\"https:\/\/decode.agency\/wp-content\/uploads\/2025\/03\/Rail-and-intermodal-logistics.png\" alt=\"Rail and intermodal logistics\" class=\"wp-image-60920\" srcset=\"https:\/\/decode.agency\/wp-content\/uploads\/2025\/03\/Rail-and-intermodal-logistics.png 910w, https:\/\/decode.agency\/wp-content\/uploads\/2025\/03\/Rail-and-intermodal-logistics-700x700.png 700w, https:\/\/decode.agency\/wp-content\/uploads\/2025\/03\/Rail-and-intermodal-logistics-330x330.png 330w, https:\/\/decode.agency\/wp-content\/uploads\/2025\/03\/Rail-and-intermodal-logistics-455x455.png 455w\" sizes=\"(max-width: 910px) 100vw, 910px\" \/><\/figure>\n\n\n\n<h4 class=\"wp-block-heading\" style=\"margin-top:calc(30px*var(--scale));margin-bottom:calc(20px*var(--scale))\">Schiene und intermodale<br>Logistik<\/h4>\n\n\n\n<p>Moderne Schienennetze erfordern eine leistungsstarke Software. Wir entwickeln L\u00f6sungen f\u00fcr das Bahnmanagement, die die Planung, Frachtverfolgung und vorausschauende Wartung unterst\u00fctzen &#8211; damit Sie mit h\u00f6chster Effizienz arbeiten k\u00f6nnen.<\/p>\n<\/div>\n\n\n\n<div class=\"col\" style=\"padding-bottom:calc(120px*var(--scale))\">\n<figure class=\"wp-block-image size-full ratio ratio-1-1\"><img decoding=\"async\" width=\"910\" height=\"910\" src=\"https:\/\/decode.agency\/wp-content\/uploads\/2025\/03\/Supply-chain-visibility.png\" alt=\"Supply chain visibility\" class=\"wp-image-60922\" srcset=\"https:\/\/decode.agency\/wp-content\/uploads\/2025\/03\/Supply-chain-visibility.png 910w, https:\/\/decode.agency\/wp-content\/uploads\/2025\/03\/Supply-chain-visibility-700x700.png 700w, https:\/\/decode.agency\/wp-content\/uploads\/2025\/03\/Supply-chain-visibility-330x330.png 330w, https:\/\/decode.agency\/wp-content\/uploads\/2025\/03\/Supply-chain-visibility-455x455.png 455w\" sizes=\"(max-width: 910px) 100vw, 910px\" \/><\/figure>\n\n\n\n<h4 class=\"wp-block-heading\" style=\"margin-top:calc(30px*var(--scale));margin-bottom:calc(20px*var(--scale))\"><meta charset=\"utf-8\">Lieferkette <br>Sichtbarkeit<\/h4>\n\n\n\n<p><meta charset=\"utf-8\">Sie wissen jederzeit, wo sich Ihre Waren befinden. Wir entwickeln Echtzeit-Tracking-L\u00f6sungen, die IoT, GPS und Cloud-Analysen integrieren und Ihnen den vollst\u00e4ndigen \u00dcberblick \u00fcber Ihre Lieferkette geben.<\/p>\n<\/div>\n\n\n\n<div class=\"col\" style=\"padding-bottom:calc(120px*var(--scale))\">\n<figure class=\"wp-block-image size-full ratio ratio-1-1\"><img decoding=\"async\" width=\"910\" height=\"910\" src=\"https:\/\/decode.agency\/wp-content\/uploads\/2025\/03\/Last-mile-delivery-solutions.png\" alt=\"Last-mile delivery solutions\" class=\"wp-image-60924\" srcset=\"https:\/\/decode.agency\/wp-content\/uploads\/2025\/03\/Last-mile-delivery-solutions.png 910w, https:\/\/decode.agency\/wp-content\/uploads\/2025\/03\/Last-mile-delivery-solutions-700x700.png 700w, https:\/\/decode.agency\/wp-content\/uploads\/2025\/03\/Last-mile-delivery-solutions-330x330.png 330w, https:\/\/decode.agency\/wp-content\/uploads\/2025\/03\/Last-mile-delivery-solutions-455x455.png 455w\" sizes=\"(max-width: 910px) 100vw, 910px\" \/><\/figure>\n\n\n\n<h4 class=\"wp-block-heading\" style=\"margin-top:calc(30px*var(--scale));margin-bottom:calc(20px*var(--scale))\"><meta charset=\"utf-8\">L\u00f6sungen f\u00fcr die letzte Meile<\/h4>\n\n\n\n<p><meta charset=\"utf-8\">Geschwindigkeit z\u00e4hlt. Unsere KI-gesteuerte Disposition, Echtzeitverfolgung und Automatisierung des Zustellnachweises helfen Kurieren und Einzelh\u00e4ndlern, Lieferausf\u00e4lle zu reduzieren, Kosten zu senken und die Kundenzufriedenheit zu verbessern.<\/p>\n<\/div>\n\n\n\n<div class=\"col\" style=\"padding-bottom:calc(120px*var(--scale))\">\n<figure class=\"wp-block-image size-full ratio ratio-1-1\"><img decoding=\"async\" width=\"922\" height=\"910\" src=\"https:\/\/decode.agency\/wp-content\/uploads\/2025\/03\/Warehouse-and-inventory-management.png\" alt=\"Warehouse and inventory management\" class=\"wp-image-60926\" srcset=\"https:\/\/decode.agency\/wp-content\/uploads\/2025\/03\/Warehouse-and-inventory-management.png 922w, https:\/\/decode.agency\/wp-content\/uploads\/2025\/03\/Warehouse-and-inventory-management-700x691.png 700w, https:\/\/decode.agency\/wp-content\/uploads\/2025\/03\/Warehouse-and-inventory-management-330x326.png 330w, https:\/\/decode.agency\/wp-content\/uploads\/2025\/03\/Warehouse-and-inventory-management-455x449.png 455w\" sizes=\"(max-width: 922px) 100vw, 922px\" \/><\/figure>\n\n\n\n<h4 class=\"wp-block-heading\" style=\"margin-top:calc(30px*var(--scale));margin-bottom:calc(20px*var(--scale))\">Lagerhaltung und Bestandsverwaltung<\/h4>\n\n\n\n<p>Wir entwickeln Lagerverwaltungssysteme (WMS), die die Lagereffizienz verbessern, die Auftragsabwicklung automatisieren und in Transportnetzwerke integriert werden k\u00f6nnen, um den Warenverkehr ohne Verz\u00f6gerungen zu gew\u00e4hrleisten.<\/p>\n<\/div>\n\n\n\n<div class=\"col\" style=\"padding-bottom:calc(120px*var(--scale))\">\n<figure class=\"wp-block-image size-full ratio ratio-1-1\"><img decoding=\"async\" width=\"910\" height=\"910\" src=\"https:\/\/decode.agency\/wp-content\/uploads\/2025\/03\/Predictive-analytics.png\" alt=\"Predictive analytics for transportations\" class=\"wp-image-60928\" srcset=\"https:\/\/decode.agency\/wp-content\/uploads\/2025\/03\/Predictive-analytics.png 910w, https:\/\/decode.agency\/wp-content\/uploads\/2025\/03\/Predictive-analytics-700x700.png 700w, https:\/\/decode.agency\/wp-content\/uploads\/2025\/03\/Predictive-analytics-330x330.png 330w, https:\/\/decode.agency\/wp-content\/uploads\/2025\/03\/Predictive-analytics-455x455.png 455w\" sizes=\"(max-width: 910px) 100vw, 910px\" \/><\/figure>\n\n\n\n<h4 class=\"wp-block-heading\" style=\"margin-top:calc(30px*var(--scale));margin-bottom:calc(20px*var(--scale))\"><meta charset=\"utf-8\">Pr\u00e4diktive Analytik f\u00fcr die Logistik<\/h4>\n\n\n\n<p>Wir entwickeln KI-gesteuerte Prognosetools, die Unternehmen dabei helfen, die Nachfrage vorherzusagen, Engp\u00e4sse zu vermeiden und die Flottenauslastung zu optimieren &#8211; damit der Betrieb effizient bleibt und auf Marktver\u00e4nderungen reagieren kann.<\/p>\n<\/div>\n<\/div>\n\n\n<style type=\"text\/css\">@media (min-width: 1200px) { .block-vertical-spacer__0d528a4d-9aad-4404-987d-e5130238da6a { height: calc(80px*var(--scale)); width: 100%; } } @media (min-width: 992px) and (max-width: 1199px) { .block-vertical-spacer__0d528a4d-9aad-4404-987d-e5130238da6a { height: calc(80px*var(--scale)); width: 100%; } } @media (min-width: 768px) and (max-width: 991px) { .block-vertical-spacer__0d528a4d-9aad-4404-987d-e5130238da6a { height: calc(80px*var(--scale)); width: 100%; } } @media (max-width: 767px) { .block-vertical-spacer__0d528a4d-9aad-4404-987d-e5130238da6a { height: calc(80px*var(--scale)); width: 100%; } } <\/style>\n<section><block class=\"block-spacer-responsive block-vertical-spacer__0d528a4d-9aad-4404-987d-e5130238da6a\" id=\"\"><\/block><\/section>\n\n<section><block class=\"block-testimonial block-testimonial--small-image\">\r\n          <div class=\"block-testimonial__top-row\"><div class=\"block-testimonial__top-row__quote\"><i class=\"icon-quote\"><\/i><\/div><div class=\"block-testimonial__top-row__text has-36-font-size fw-500\">Wir haben uns f\u00fcr DECODE aufgrund ihrer Direktheit, ihrer Gr\u00fcndlichkeit und der Qualit\u00e4t der von ihnen eingestellten Personen entschieden. Das wurde bereits im ersten Gespr\u00e4ch deutlich.<\/div><\/div><div class=\"block-testimonial__bottom-row\"><div class=\"block-testimonial__bottom-row__meta\"><div class=\"person\">Munawar Ahmed<\/div><div class=\"role-company\"><span class=\"role\">Seniorpartner<\/span><span> at <\/span><span class=\"company\">Oliver Wyman<\/span><\/div><\/div><\/div>\r\n          <\/block><\/section><\/div><\/div><\/section>\n\n\n\n<section class=\"wp-block-decode-grid\"><div class=\"block-grid\"><div class=\"container\" style=\"padding-top:calc(100px*var(--scale));padding-bottom:calc(200px*var(--scale))\">\n<h2 class=\"wp-block-heading\" style=\"max-width:calc(840px*var(--scale));margin-bottom:calc(100px*var(--scale))\">Wichtige Merkmale:<\/h2>\n\n\n\n<div class=\"wp-block-group max-width-md-100 max-width-sm-100 is-layout-flow wp-block-group-is-layout-flow\" style=\"max-width:calc(840px*var(--scale));margin-right:0;margin-left:auto\">\n<ul class=\"wp-block-list is-style-style-7 has-36-font-size\">\n<li><span class=\"fw-500\">Echtzeit-Tracking und Flotten\u00fcberwachung<\/span><\/li>\n\n\n\n<li><span class=\"fw-500\">Automatisierte Routenoptimierung<\/span><\/li>\n\n\n\n<li><span class=\"fw-500\">Vorausschauende Analytik f\u00fcr die Instandhaltung<\/span><\/li>\n\n\n\n<li><span class=\"fw-500\">Frachtsicherheit und Einhaltung der Vorschriften<\/span><\/li>\n\n\n\n<li><span class=\"fw-500\">Anpassbare Dashboards und Berichte<\/span><\/li>\n\n\n\n<li><span class=\"fw-500\">Nahtlose Integration mit ERP- und TMS-Plattformen<\/span><\/li>\n<\/ul>\n<\/div>\n\n\n<style type=\"text\/css\">@media (min-width: 1200px) { .block-vertical-spacer__9db00f2b-fc29-4cd7-b901-0b1e2e59144e { height: calc(240px*var(--scale)); width: 100%; } } @media (min-width: 992px) and (max-width: 1199px) { .block-vertical-spacer__9db00f2b-fc29-4cd7-b901-0b1e2e59144e { height: calc(240px*var(--scale)); width: 100%; } } @media (min-width: 768px) and (max-width: 991px) { .block-vertical-spacer__9db00f2b-fc29-4cd7-b901-0b1e2e59144e { height: calc(240px*var(--scale)); width: 100%; } } @media (max-width: 767px) { .block-vertical-spacer__9db00f2b-fc29-4cd7-b901-0b1e2e59144e { height: calc(240px*var(--scale)); width: 100%; } } <\/style>\n<section><block class=\"block-spacer-responsive block-vertical-spacer__9db00f2b-fc29-4cd7-b901-0b1e2e59144e\" id=\"\"><\/block><\/section>\n\n\n<div class=\"wp-block-group max-width-md-100 max-width-sm-100 is-layout-flow wp-block-group-is-layout-flow\" style=\"max-width:calc(1200px*var(--scale));margin-right:auto;margin-left:auto\">\n<div class=\"wp-block-columns is-layout-flex wp-container-core-columns-is-layout-9d6595d7 wp-block-columns-is-layout-flex\">\n<div class=\"wp-block-column is-layout-flow wp-block-column-is-layout-flow\">\n<figure class=\"wp-block-image size-full is-resized\"><img decoding=\"async\" src=\"https:\/\/decode.agency\/wp-content\/uploads\/2025\/02\/NS-3.svg\" alt=\"\" class=\"wp-image-60696\" style=\"width:521px;height:auto\"><\/figure>\n<\/div>\n\n\n\n<div class=\"wp-block-column is-layout-flow wp-block-column-is-layout-flow\">\n<hr class=\"wp-block-separator has-css-opacity\" style=\"margin-bottom:calc(30px*var(--scale))\"\/>\n\n\n\n<h2 class=\"wp-block-heading has-52-font-size\" id=\"positions2\" style=\"padding-bottom:calc(30px*var(--scale))\">Fallstudie: ein Reservierungssystem f\u00fcr eine Klasse-I-Eisenbahn<\/h2>\n\n\n\n<p style=\"padding-bottom:calc(30px*var(--scale))\">Die Verwaltung intermodaler Zugkapazit\u00e4ten ist eine komplexe Herausforderung. Unser Kunde ben\u00f6tigte ein Reservierungssystem, das Platz optimiert, Ineffizienzen reduziert und in die bestehende Infrastruktur integriert werden kann &#8211; und das bei einer <strong>t\u00e4glichen<\/strong> <strong>Abfertigung von mehr als 10.000 Containern.<\/strong><\/p>\n\n\n\n<p style=\"padding-bottom:calc(30px*var(--scale))\">Wir haben eine leistungsstarke Reservierungsplattform entwickelt, die ihren Teams die volle Kontrolle \u00fcber die intermodalen Zugkapazit\u00e4ten gibt. Mit Echtzeitdaten, automatisierten Arbeitsabl\u00e4ufen und tiefgreifenden Systemintegrationen ver\u00e4ndert das System die Betriebsabl\u00e4ufe &#8211; es reduziert die Verschwendung, steigert die Effizienz und sorgt f\u00fcr erhebliche Kosteneinsparungen.<\/p>\n\n\n\n<p><a href=\"https:\/\/decode.agency\/de\/case-study\/eisenbahn-reservierungssystem\/\"><span class=\"fw-500\">Mehr erfahren<\/span> <span class=\"fw-500\">\u2192<\/span><\/a><\/p>\n<\/div>\n<\/div>\n<\/div>\n<\/div><\/div><\/section>\n\n\n\n<section class=\"wp-block-decode-grid\"><div class=\"block-grid\" style=\"background-color:#262626\"><div class=\"container\" style=\"color:#FFFFFF;padding-top:calc(200px*var(--scale));padding-bottom:calc(120px*var(--scale))\">\n<div class=\"wp-block-columns stacked-sm is-layout-flex wp-container-core-columns-is-layout-9d6595d7 wp-block-columns-is-layout-flex\">\n<div class=\"wp-block-column is-vertically-aligned-center is-layout-flow wp-block-column-is-layout-flow\"><div class=\"wp-block-image-effect \">\n<figure class=\"wp-block-image size-full l-shape-block l-position-top-right l-size-large l-primary-gold ratio ratio-4-3\"><img decoding=\"async\" width=\"700\" height=\"460\" src=\"https:\/\/decode.agency\/wp-content\/uploads\/2021\/07\/Work04.jpg\" alt=\"\" class=\"wp-image-1735\" srcset=\"https:\/\/decode.agency\/wp-content\/uploads\/2021\/07\/Work04.jpg 700w, https:\/\/decode.agency\/wp-content\/uploads\/2021\/07\/Work04-330x217.jpg 330w, https:\/\/decode.agency\/wp-content\/uploads\/2021\/07\/Work04-455x299.jpg 455w, https:\/\/decode.agency\/wp-content\/uploads\/2021\/07\/Work04@2x.jpg 1400w\" sizes=\"(max-width: 700px) 100vw, 700px\" \/><\/figure>\n<div class=\"l-shape\"><\/div><\/div>\n\n\n<h4 class=\"wp-block-heading\" style=\"max-width:calc(510px*var(--scale));margin-top:calc(30px*var(--scale));margin-bottom:calc(20px*var(--scale))\">Wir wollen uns vorstellen<\/h4>\n\n\n\n<p style=\"max-width:calc(330px*var(--scale));margin-bottom:calc(20px*var(--scale))\">Erfahren Sie mehr dar\u00fcber, wer wir sind und warum wir lieben, was wir tun.<\/p>\n\n\n\n<p><a href=\"https:\/\/decode.agency\/de\/uber-uns\/\" data-type=\"page\" data-id=\"44\"><span class=\"fw-500\">\u00dcber uns \u2192<\/span><\/a><\/p>\n<\/div>\n\n\n\n<div class=\"wp-block-column is-vertically-aligned-center is-layout-flow wp-block-column-is-layout-flow\"><style type=\"text\/css\">@media (min-width: 1200px) { .block-vertical-spacer__052a7b9c-f380-40a5-bb4b-e4c833803dd3 { height: calc(0px*var(--scale)); width: 100%; } } @media (min-width: 992px) and (max-width: 1199px) { .block-vertical-spacer__052a7b9c-f380-40a5-bb4b-e4c833803dd3 { height: calc(0px*var(--scale)); width: 100%; } } @media (min-width: 768px) and (max-width: 991px) { .block-vertical-spacer__052a7b9c-f380-40a5-bb4b-e4c833803dd3 { height: calc(0px*var(--scale)); width: 100%; } } @media (max-width: 767px) { .block-vertical-spacer__052a7b9c-f380-40a5-bb4b-e4c833803dd3 { height: calc(40px*var(--scale)); width: 100%; } } <\/style>\n<section><block class=\"block-spacer-responsive block-vertical-spacer__052a7b9c-f380-40a5-bb4b-e4c833803dd3\" id=\"\"><\/block><\/section>\n\n\n<figure class=\"wp-block-image size-full ratio ratio-1-1\"><img decoding=\"async\" width=\"700\" height=\"700\" src=\"https:\/\/decode.agency\/wp-content\/uploads\/2021\/07\/Work05.jpg\" alt=\"\" class=\"wp-image-1736\" srcset=\"https:\/\/decode.agency\/wp-content\/uploads\/2021\/07\/Work05.jpg 700w, https:\/\/decode.agency\/wp-content\/uploads\/2021\/07\/Work05-330x330.jpg 330w, https:\/\/decode.agency\/wp-content\/uploads\/2021\/07\/Work05-455x455.jpg 455w, https:\/\/decode.agency\/wp-content\/uploads\/2021\/07\/Work05@2x.jpg 1400w\" sizes=\"(max-width: 700px) 100vw, 700px\" \/><\/figure>\n\n\n\n<h4 class=\"wp-block-heading\" style=\"max-width:calc(510px*var(--scale));margin-top:calc(30px*var(--scale));margin-bottom:calc(20px*var(--scale))\">Unser Modus Operandi<\/h4>\n\n\n\n<p style=\"max-width:calc(510px*var(--scale));margin-bottom:calc(20px*var(--scale))\">Wenn Sie mit uns zusammenarbeiten, erhalten Sie ein hochqualifiziertes Team, das sich f\u00fcr Sie und Ihr Produkt einsetzt.<\/p>\n\n\n\n<p><span class=\"fw-500\"><a href=\"https:\/\/decode.agency\/de\/unsere-arbeitsweise\/\" data-type=\"page\" data-id=\"42\">Wie wir arbeiten \u2192<\/a><\/span><\/p>\n<\/div>\n<\/div>\n<\/div><\/div><\/section>\n","protected":false},"excerpt":{"rendered":"","protected":false},"author":3,"featured_media":60984,"parent":59813,"menu_order":0,"comment_status":"closed","ping_status":"closed","template":"","meta":{"footnotes":""},"class_list":["post-61025","page","type-page","status-publish","has-post-thumbnail","hentry"],"cmb2":{"all_pages_metabox":{"page_header_color_class":"header-white-black"},"pages_metabox":{"page_footer_cta":"cta3"}},"_links":{"self":[{"href":"https:\/\/decode.agency\/de\/wp-json\/wp\/v2\/pages\/61025","targetHints":{"allow":["GET"]}}],"collection":[{"href":"https:\/\/decode.agency\/de\/wp-json\/wp\/v2\/pages"}],"about":[{"href":"https:\/\/decode.agency\/de\/wp-json\/wp\/v2\/types\/page"}],"author":[{"embeddable":true,"href":"https:\/\/decode.agency\/de\/wp-json\/wp\/v2\/users\/3"}],"replies":[{"embeddable":true,"href":"https:\/\/decode.agency\/de\/wp-json\/wp\/v2\/comments?post=61025"}],"version-history":[{"count":0,"href":"https:\/\/decode.agency\/de\/wp-json\/wp\/v2\/pages\/61025\/revisions"}],"up":[{"embeddable":true,"href":"https:\/\/decode.agency\/de\/wp-json\/wp\/v2\/pages\/59813"}],"wp:featuredmedia":[{"embeddable":true,"href":"https:\/\/decode.agency\/de\/wp-json\/wp\/v2\/media\/60984"}],"wp:attachment":[{"href":"https:\/\/decode.agency\/de\/wp-json\/wp\/v2\/media?parent=61025"}],"curies":[{"name":"wp","href":"https:\/\/api.w.org\/{rel}","templated":true}]}}