{"id":60467,"date":"2025-02-12T17:06:05","date_gmt":"2025-02-12T17:06:05","guid":{"rendered":"https:\/\/decode.agency\/?page_id=60467"},"modified":"2025-02-12T17:08:29","modified_gmt":"2025-02-12T17:08:29","slug":"thank-you-page-ki-workshop","status":"publish","type":"page","link":"https:\/\/decode.agency\/de\/thank-you-page-ki-workshop\/","title":{"rendered":"Thank you &#8211; KI Workshop"},"content":{"rendered":"\n<section class=\"wp-block-decode-grid\"><div class=\"block-grid\" style=\"background-color:#224AFA\"><div class=\"container\" style=\"color:#FFFFFF;padding-top:calc(120px*var(--scale));padding-bottom:calc(160px*var(--scale))\"><style type=\"text\/css\">:root {--headerBgColor: #224AFA;--headerTextColor: #FFFFFF;}<\/style>\n\n\n<h2 class=\"wp-block-heading\" style=\"max-width:calc(1060px*var(--scale));margin-right:auto;margin-bottom:calc(30px*var(--scale));margin-left:0\"><span class=\"text-uppercase\">Danke f\u00fcr Ihr Interesse an unserem KI-Workshop!<\/span><\/h2>\n\n\n\n<h5 class=\"wp-block-heading indent\" style=\"max-width:calc(650px*var(--scale));margin-right:auto;margin-left:0\">Wir melden uns innerhalb von 24 Stunden, um die n\u00e4chsten Schritte zu besprechen. <br><br>M\u00f6chten Sie direkt mit unserem KI-Experten Miki sprechen? Buchen Sie jetzt ein pers\u00f6nliches Gespr\u00e4ch: <strong><a href=\"https:\/\/calendly.com\/miki-decode\/30min\" target=\"_blank\" rel=\"noreferrer noopener\">Jetzt Termin vereinbaren<\/a><\/strong><\/h5>\n<\/div><\/div><\/section>\n","protected":false},"excerpt":{"rendered":"","protected":false},"author":3,"featured_media":0,"parent":0,"menu_order":0,"comment_status":"closed","ping_status":"closed","template":"","meta":{"footnotes":""},"class_list":["post-60467","page","type-page","status-publish","hentry"],"cmb2":{"all_pages_metabox":{"page_header_color_class":"header-white-black"},"pages_metabox":{"page_footer_cta":"cta1"}},"_links":{"self":[{"href":"https:\/\/decode.agency\/de\/wp-json\/wp\/v2\/pages\/60467","targetHints":{"allow":["GET"]}}],"collection":[{"href":"https:\/\/decode.agency\/de\/wp-json\/wp\/v2\/pages"}],"about":[{"href":"https:\/\/decode.agency\/de\/wp-json\/wp\/v2\/types\/page"}],"author":[{"embeddable":true,"href":"https:\/\/decode.agency\/de\/wp-json\/wp\/v2\/users\/3"}],"replies":[{"embeddable":true,"href":"https:\/\/decode.agency\/de\/wp-json\/wp\/v2\/comments?post=60467"}],"version-history":[{"count":0,"href":"https:\/\/decode.agency\/de\/wp-json\/wp\/v2\/pages\/60467\/revisions"}],"wp:attachment":[{"href":"https:\/\/decode.agency\/de\/wp-json\/wp\/v2\/media?parent=60467"}],"curies":[{"name":"wp","href":"https:\/\/api.w.org\/{rel}","templated":true}]}}