{"id":59888,"date":"2024-11-28T13:20:30","date_gmt":"2024-11-28T13:20:30","guid":{"rendered":"https:\/\/decode.agency\/?page_id=59888"},"modified":"2025-08-28T15:16:21","modified_gmt":"2025-08-28T15:16:21","slug":"client-video-testimonial","status":"publish","type":"page","link":"https:\/\/decode.agency\/de\/client-video-testimonial\/","title":{"rendered":"Client video testimonial"},"content":{"rendered":"\n<section class=\"wp-block-decode-grid\"><div class=\"block-grid\" style=\"background-color:#262626\"><div class=\"container\" style=\"color:#ffffff;padding-top:calc(120px*var(--scale));padding-bottom:calc(200px*var(--scale))\">\n<h1 class=\"wp-block-heading\" style=\"max-width:calc(850px*var(--scale));margin-right:auto;margin-bottom:calc(30px*var(--scale));margin-left:0\">VIDEO -TESTIMONIAL<\/h1>\n\n\n\n<h4 class=\"wp-block-heading max-width-md-100 indent\" style=\"max-width:calc(840px*var(--scale));margin-right:0;margin-bottom:0;margin-left:auto;padding-bottom:calc(200px*var(--scale))\">Erfahren Sie direkt von unseren Kunden, wie DECODE ihnen geholfen hat, ihre Gesch\u00e4ftsziele zu erreichen.<\/h4>\n\n\n\n<div class=\"wp-block-columns wp-embed-aspect-16-9 wp-has-aspect-ratio is-layout-flex wp-container-core-columns-is-layout-9d6595d7 wp-block-columns-is-layout-flex\" style=\"max-width:calc(1400px*var(--scale))\">\n<div class=\"wp-block-column is-layout-flow wp-block-column-is-layout-flow\" style=\"flex-basis:750px\">\n<figure class=\"wp-block-embed is-type-video is-provider-youtube wp-block-embed-youtube wp-embed-aspect-16-9 wp-has-aspect-ratio\"><div class=\"wp-block-embed__wrapper\">\n<iframe title=\"Oliver Wyman I Client testimonial\" width=\"500\" height=\"281\" src=\"https:\/\/www.youtube.com\/embed\/1ue7g7JgOBA?start=17&#038;feature=oembed\" frameborder=\"0\" allow=\"accelerometer; autoplay; clipboard-write; encrypted-media; gyroscope; picture-in-picture; web-share\" referrerpolicy=\"strict-origin-when-cross-origin\" allowfullscreen><\/iframe>\n<\/div><\/figure>\n<\/div>\n\n\n\n<div class=\"wp-block-column is-layout-flow wp-block-column-is-layout-flow\">\n<hr class=\"wp-block-separator has-css-opacity\"\/>\n\n\n\n<h4 class=\"wp-block-heading\" style=\"margin-top:calc(30px*var(--scale));padding-bottom:calc(30px*var(--scale))\">Munawar Ahmed, Chief Product Officer<\/h4>\n\n\n\n<p style=\"padding-bottom:calc(30px*var(--scale))\">Wir haben eine Bahnverwaltungssoftware f\u00fcr eine US-amerikanische Eisenbahn der Klasse I entwickelt. Das System wickelt t\u00e4glich \u00fcber 10.000 Container ab, verwaltet Tausende von Kilometern an Gleisen und unterst\u00fctzt Hunderte von Z\u00fcgen. <\/p>\n\n\n\n<p style=\"padding-bottom:calc(30px*var(--scale))\">Hochrechnungen zeigen, dass unsere L\u00f6sung dem Kunden Einsparungen von \u00fcber <br>100 Millionen Dollar bringt.<\/p>\n\n\n\n<p class=\"has-gray-600-color has-text-color has-link-color wp-elements-f82f4230671c3b0c539d5d07b38021bd\">Business- und Technologieberatung<\/p>\n\n\n\n<p class=\"has-gray-600-color has-text-color has-link-color wp-elements-8a51a7cf77ee1444eb1700952fee1cd6\">Entwicklung ma\u00dfgeschneiderter Webanwendung<\/p>\n\n\n\n<p class=\"has-gray-600-color has-text-color has-link-color wp-elements-689ad9589bde74ae914ef25dfa245e47\">Qualit\u00e4tssicherung<\/p>\n\n\n\n<p class=\"has-gray-600-color has-text-color has-link-color wp-elements-f3f3404fb6fe9fd922e8d86700980572\">UX\/UI-Design<\/p>\n<\/div>\n<\/div>\n\n\n\n<div style=\"height:160px\" aria-hidden=\"true\" class=\"wp-block-spacer\"><\/div>\n\n\n\n<div class=\"wp-block-columns wp-embed-aspect-16-9 wp-has-aspect-ratio is-layout-flex wp-container-core-columns-is-layout-9d6595d7 wp-block-columns-is-layout-flex\" style=\"max-width:calc(1400px*var(--scale))\">\n<div class=\"wp-block-column is-layout-flow wp-block-column-is-layout-flow\" style=\"flex-basis:750px\">\n<figure class=\"wp-block-embed is-type-video is-provider-youtube wp-block-embed-youtube wp-embed-aspect-16-9 wp-has-aspect-ratio\"><div class=\"wp-block-embed__wrapper\">\n<iframe title=\"Qrypt I Client testimonial\" width=\"500\" height=\"281\" src=\"https:\/\/www.youtube.com\/embed\/lshp9HzTTys?feature=oembed\" frameborder=\"0\" allow=\"accelerometer; autoplay; clipboard-write; encrypted-media; gyroscope; picture-in-picture; web-share\" referrerpolicy=\"strict-origin-when-cross-origin\" allowfullscreen><\/iframe>\n<\/div><\/figure>\n<\/div>\n\n\n\n<div class=\"wp-block-column is-layout-flow wp-block-column-is-layout-flow\">\n<hr class=\"wp-block-separator has-css-opacity\"\/>\n\n\n\n<h4 class=\"wp-block-heading\" style=\"margin-top:calc(30px*var(--scale));padding-bottom:calc(30px*var(--scale))\">Kenneth Huebsch, Leiter der Softwareentwicklung bei Qrypt<\/h4>\n\n\n\n<p style=\"padding-bottom:calc(30px*var(--scale))\">Qrypt hat sich mit DECODE zusammengetan, um eine Reihe von Anwendungen zu entwickeln, die die hochmoderne kryptografische Technologie und die sichere Kommunikationsplattform von Qrypt nutzen und dabei UX und Funktionen auf Unternehmensniveau bieten. Wir sind weiterhin ihr zuverl\u00e4ssiger Entwicklungspartner.<\/p>\n\n\n\n<p class=\"has-gray-600-color has-text-color has-link-color wp-elements-919a5a3dca2be8485a3a23150ad04fab\">Entwicklung mobiler Anwendungen<\/p>\n\n\n\n<p class=\"has-gray-600-color has-text-color has-link-color wp-elements-8a51a7cf77ee1444eb1700952fee1cd6\">Entwicklung ma\u00dfgeschneiderter Webanwendung<\/p>\n\n\n\n<p class=\"has-gray-600-color has-text-color has-link-color wp-elements-689ad9589bde74ae914ef25dfa245e47\">Qualit\u00e4tssicherung<\/p>\n<\/div>\n<\/div>\n\n\n\n<div style=\"height:160px\" aria-hidden=\"true\" class=\"wp-block-spacer\"><\/div>\n\n\n\n<div class=\"wp-block-columns wp-embed-aspect-16-9 wp-has-aspect-ratio is-layout-flex wp-container-core-columns-is-layout-9d6595d7 wp-block-columns-is-layout-flex\" style=\"max-width:calc(1400px*var(--scale))\">\n<div class=\"wp-block-column is-layout-flow wp-block-column-is-layout-flow\" style=\"flex-basis:750px\">\n<figure class=\"wp-block-embed is-type-video is-provider-youtube wp-block-embed-youtube wp-embed-aspect-16-9 wp-has-aspect-ratio\"><div class=\"wp-block-embed__wrapper\">\n<iframe title=\"Decdir I Client testimonial\" width=\"500\" height=\"281\" src=\"https:\/\/www.youtube.com\/embed\/lxf6rqMcUfk?feature=oembed\" frameborder=\"0\" allow=\"accelerometer; autoplay; clipboard-write; encrypted-media; gyroscope; picture-in-picture; web-share\" referrerpolicy=\"strict-origin-when-cross-origin\" allowfullscreen><\/iframe>\n<\/div><\/figure>\n<\/div>\n\n\n\n<div class=\"wp-block-column is-layout-flow wp-block-column-is-layout-flow\">\n<hr class=\"wp-block-separator has-css-opacity wp-embed-aspect-16-9 wp-has-aspect-ratio\"\/>\n\n\n\n<h4 class=\"wp-block-heading\" style=\"margin-top:calc(30px*var(--scale));padding-bottom:calc(30px*var(--scale))\">Tom Allen, Product Manager bei Decidr<\/h4>\n\n\n\n<p style=\"padding-bottom:calc(30px*var(--scale))\">Decidr arbeitet mit DECODE zusammen, um eine KI-Plattform f\u00fcr Unternehmen zu entwickeln, die intelligente Automatisierung und datengetriebene Entscheidungen erm\u00f6glicht. <\/p>\n\n\n\n<p class=\"has-gray-600-color has-text-color has-link-color wp-elements-8a51a7cf77ee1444eb1700952fee1cd6\">Entwicklung ma\u00dfgeschneiderter Webanwendung<\/p>\n<\/div>\n<\/div>\n\n\n\n<div style=\"height:160px\" aria-hidden=\"true\" class=\"wp-block-spacer\"><\/div>\n\n\n\n<div class=\"wp-block-columns wp-embed-aspect-16-9 wp-has-aspect-ratio is-layout-flex wp-container-core-columns-is-layout-9d6595d7 wp-block-columns-is-layout-flex\" style=\"max-width:calc(1400px*var(--scale))\">\n<div class=\"wp-block-column is-layout-flow wp-block-column-is-layout-flow\" style=\"flex-basis:750px\">\n<figure class=\"wp-block-embed is-type-video is-provider-youtube wp-block-embed-youtube wp-embed-aspect-16-9 wp-has-aspect-ratio\"><div class=\"wp-block-embed__wrapper\">\n<iframe title=\"rightvybe I Client testimonial\" width=\"500\" height=\"281\" src=\"https:\/\/www.youtube.com\/embed\/RsWyUyZnFGQ?feature=oembed\" frameborder=\"0\" allow=\"accelerometer; autoplay; clipboard-write; encrypted-media; gyroscope; picture-in-picture; web-share\" referrerpolicy=\"strict-origin-when-cross-origin\" allowfullscreen><\/iframe>\n<\/div><\/figure>\n<\/div>\n\n\n\n<div class=\"wp-block-column is-layout-flow wp-block-column-is-layout-flow\">\n<hr class=\"wp-block-separator has-css-opacity\"\/>\n\n\n\n<h4 class=\"wp-block-heading\" style=\"margin-top:calc(30px*var(--scale));padding-bottom:calc(30px*var(--scale))\">Sunny Deo, Gr\u00fcnder und CEO von rightvybe<\/h4>\n\n\n\n<p style=\"padding-bottom:calc(30px*var(--scale))\">rightvybe arbeitet mit DECODE zusammen, um eine Instant-Savings-App mit einem wohlt\u00e4tigen Ansatz zu entwickeln. <\/p>\n\n\n\n<p class=\"has-gray-600-color has-text-color has-link-color wp-elements-919a5a3dca2be8485a3a23150ad04fab\">Entwicklung mobiler Anwendungen<\/p>\n<\/div>\n<\/div>\n\n\n\n<div style=\"height:160px\" aria-hidden=\"true\" class=\"wp-block-spacer\"><\/div>\n\n\n\n<div class=\"wp-block-columns wp-embed-aspect-16-9 wp-has-aspect-ratio is-layout-flex wp-container-core-columns-is-layout-9d6595d7 wp-block-columns-is-layout-flex\" style=\"max-width:calc(1400px*var(--scale))\">\n<div class=\"wp-block-column is-layout-flow wp-block-column-is-layout-flow\" style=\"flex-basis:750px\">\n<figure class=\"wp-block-embed is-type-video is-provider-youtube wp-block-embed-youtube wp-embed-aspect-16-9 wp-has-aspect-ratio\"><div class=\"wp-block-embed__wrapper\">\n<iframe title=\"Apex rides I Client testimonial\" width=\"500\" height=\"281\" src=\"https:\/\/www.youtube.com\/embed\/8X741tkf09c?feature=oembed\" frameborder=\"0\" allow=\"accelerometer; autoplay; clipboard-write; encrypted-media; gyroscope; picture-in-picture; web-share\" referrerpolicy=\"strict-origin-when-cross-origin\" allowfullscreen><\/iframe>\n<\/div><\/figure>\n<\/div>\n\n\n\n<div class=\"wp-block-column is-layout-flow wp-block-column-is-layout-flow\">\n<hr class=\"wp-block-separator has-css-opacity\"\/>\n\n\n\n<h4 class=\"wp-block-heading\" style=\"margin-top:calc(30px*var(--scale));padding-bottom:calc(30px*var(--scale))\">Charlie Lucas, Co-Founder von Apex Rides<\/h4>\n\n\n\n<p style=\"padding-bottom:calc(30px*var(--scale))\">Wir haben an der Entwicklung einer nahtlosen mobilen App gearbeitet, die eine reibungslose Verbindung zwischen dem Apex Bike, der App und den Live-Workout-Sessions sicherstellt. Von der Bew\u00e4ltigung komplexer Bluetooth-Integrationen bis hin zur Leistungsoptimierung haben wir dazu beigetragen, eine zuverl\u00e4ssige und ansprechende Fitnessl\u00f6sung bereitzustellen.<\/p>\n\n\n\n<p class=\"has-gray-600-color has-text-color has-link-color wp-elements-919a5a3dca2be8485a3a23150ad04fab\">Entwicklung mobiler Anwendungen<\/p>\n\n\n\n<p class=\"has-gray-600-color has-text-color has-link-color wp-elements-260c4b3d803e9fc7dce5b3d59952765f\">Support and maintenance<\/p>\n<\/div>\n<\/div>\n\n\n\n<div style=\"height:160px\" aria-hidden=\"true\" class=\"wp-block-spacer\"><\/div>\n\n\n\n<div class=\"wp-block-columns wp-embed-aspect-16-9 wp-has-aspect-ratio is-layout-flex wp-container-core-columns-is-layout-9d6595d7 wp-block-columns-is-layout-flex\" style=\"max-width:calc(1400px*var(--scale))\">\n<div class=\"wp-block-column is-layout-flow wp-block-column-is-layout-flow\" style=\"flex-basis:750px\">\n<figure class=\"wp-block-embed is-type-video is-provider-youtube wp-block-embed-youtube wp-embed-aspect-16-9 wp-has-aspect-ratio\"><div class=\"wp-block-embed__wrapper\">\n<iframe title=\"ASEE I Client testimonial\" width=\"500\" height=\"281\" src=\"https:\/\/www.youtube.com\/embed\/11-84MM9pIg?start=99&#038;feature=oembed\" frameborder=\"0\" allow=\"accelerometer; autoplay; clipboard-write; encrypted-media; gyroscope; picture-in-picture; web-share\" referrerpolicy=\"strict-origin-when-cross-origin\" allowfullscreen><\/iframe>\n<\/div><\/figure>\n<\/div>\n\n\n\n<div class=\"wp-block-column is-layout-flow wp-block-column-is-layout-flow\">\n<hr class=\"wp-block-separator has-css-opacity\"\/>\n\n\n\n<h4 class=\"wp-block-heading\" style=\"margin-top:calc(30px*var(--scale));padding-bottom:calc(30px*var(--scale))\">Ivan Glazer, Gesch\u00e4ftsbereichsleiter bei ASEE<\/h4>\n\n\n\n<p style=\"padding-bottom:calc(30px*var(--scale))\">ASEE ist eine langfristige Partnerschaft mit DECODE eingegangen und arbeitet eng mit dem Entwicklungsteam zusammen, um eine ma\u00dfgeschneiderte mobile Bankl\u00f6sung f\u00fcr Millionen von Nutzern zu entwickeln.<\/p>\n\n\n\n<p class=\"has-gray-600-color has-text-color has-link-color wp-elements-919a5a3dca2be8485a3a23150ad04fab\">Entwicklung mobiler Anwendungen<\/p>\n<\/div>\n<\/div>\n\n\n\n<div style=\"height:160px\" aria-hidden=\"true\" class=\"wp-block-spacer wp-embed-aspect-16-9 wp-has-aspect-ratio\"><\/div>\n\n\n\n<div class=\"wp-block-columns wp-embed-aspect-16-9 wp-has-aspect-ratio is-layout-flex wp-container-core-columns-is-layout-9d6595d7 wp-block-columns-is-layout-flex\" style=\"max-width:calc(1400px*var(--scale))\">\n<div class=\"wp-block-column is-layout-flow wp-block-column-is-layout-flow\" style=\"flex-basis:750px\">\n<figure class=\"wp-block-embed is-type-video is-provider-youtube wp-block-embed-youtube wp-embed-aspect-16-9 wp-has-aspect-ratio\"><div class=\"wp-block-embed__wrapper\">\n<iframe title=\"Contacts 411 I Client testimonial\" width=\"500\" height=\"281\" src=\"https:\/\/www.youtube.com\/embed\/XLKak9cwl0A?start=18&#038;feature=oembed\" frameborder=\"0\" allow=\"accelerometer; autoplay; clipboard-write; encrypted-media; gyroscope; picture-in-picture; web-share\" referrerpolicy=\"strict-origin-when-cross-origin\" allowfullscreen><\/iframe>\n<\/div><\/figure>\n<\/div>\n\n\n\n<div class=\"wp-block-column is-layout-flow wp-block-column-is-layout-flow\">\n<hr class=\"wp-block-separator has-css-opacity\"\/>\n\n\n\n<h4 class=\"wp-block-heading\" style=\"margin-top:calc(30px*var(--scale));padding-bottom:calc(30px*var(--scale))\">Karen Humphries Sallick, die Gesch\u00e4ftsf\u00fchrerin von Contacts 411<\/h4>\n\n\n\n<p style=\"padding-bottom:calc(30px*var(--scale))\">Wir haben eine mobile und webbasierte Produktivit\u00e4tsanwendung entwickelt, die hochwertige, aktuelle Informationen \u00fcber US-amerikanische Verbraucher- und Gesch\u00e4ftskontakte aus \u00fcber 13.000 verifizierten Datenquellen sammelt.<\/p>\n\n\n\n<p class=\"has-gray-600-color has-text-color has-link-color wp-elements-aa76edfe4f30ce17f739a881cdcd4b77\">Entwicklung von mobilen Apps<br>Entwicklung ma\u00dfgeschneiderter Webanwendung<\/p>\n\n\n\n<p class=\"has-gray-600-color has-text-color has-link-color wp-elements-f3f3404fb6fe9fd922e8d86700980572\">UX\/UI-Design<\/p>\n<\/div>\n<\/div>\n<\/div><\/div><\/section>\n\n\n\n<section class=\"wp-block-decode-grid\"><div class=\"block-grid\" style=\"background-color:#F5F5F5\"><div class=\"container\" style=\"color:#262626;padding-top:calc(200px*var(--scale));padding-bottom:calc(200px*var(--scale))\">\n<h2 class=\"wp-block-heading has-120-font-size\" style=\"max-width:calc(1060px*var(--scale));margin-right:auto;margin-left:0\"><span class=\"text-uppercase\">Lernen Sie DECODE kennen<\/span><\/h2>\n\n\n\n<p class=\"has-24-font-size indent\" style=\"max-width:calc(730px*var(--scale));margin-top:calc(30px*var(--scale));margin-right:auto;margin-bottom:calc(80px*var(--scale));margin-left:0\"><span class=\"fw-500\">Gute Arbeitsbeziehungen sind der Schl\u00fcssel zu hervorragender gemeinsamer Arbeit. Erfahren Sie mehr dar\u00fcber, wie gut unser Team miteinander auskommt.<\/span><\/p>\n\n\n\n<div class=\"wp-block-columns are-vertically-aligned-center stacked-sm is-layout-flex wp-container-core-columns-is-layout-9d6595d7 wp-block-columns-is-layout-flex\">\n<div class=\"wp-block-column is-vertically-aligned-center is-layout-flow wp-block-column-is-layout-flow\">\n<figure class=\"wp-block-image size-full ratio ratio-1-1\"><img decoding=\"async\" width=\"455\" height=\"455\" src=\"https:\/\/decode.agency\/wp-content\/uploads\/2021\/07\/Careers09.jpg\" alt=\"\" class=\"wp-image-1124\" srcset=\"https:\/\/decode.agency\/wp-content\/uploads\/2021\/07\/Careers09.jpg 455w, https:\/\/decode.agency\/wp-content\/uploads\/2021\/07\/Careers09-330x330.jpg 330w, https:\/\/decode.agency\/wp-content\/uploads\/2021\/07\/Careers09@2x.jpg 910w\" sizes=\"(max-width: 455px) 100vw, 455px\" \/><\/figure>\n\n\n\n<h4 class=\"wp-block-heading\" style=\"margin-top:calc(30px*var(--scale));margin-bottom:calc(20px*var(--scale))\"><span class=\"fw-500\">Die DECODEr<\/span><\/h4>\n\n\n\n<p style=\"margin-bottom:calc(20px*var(--scale))\">Ein Team von mehr als 80 ehrgeizigen Mitarbeitern, die von gemeinsamen Werten, einer Vision und einer Mission angetrieben werden.<\/p>\n\n\n\n<p><a href=\"https:\/\/decode.agency\/de\/unser-team\/\"><span class=\"fw-500\">Treffen Sie das Team \u2192<\/span><\/a><\/p>\n<\/div>\n\n\n\n<div class=\"wp-block-column is-vertically-aligned-center is-layout-flow wp-block-column-is-layout-flow\"><style type=\"text\/css\">@media (min-width: 1200px) { .block-vertical-spacer__627420c0-d43d-4211-969b-d5da77eb0604 { height: calc(0px*var(--scale)); width: 100%; } } @media (min-width: 992px) and (max-width: 1199px) { .block-vertical-spacer__627420c0-d43d-4211-969b-d5da77eb0604 { height: calc(0px*var(--scale)); width: 100%; } } @media (min-width: 768px) and (max-width: 991px) { .block-vertical-spacer__627420c0-d43d-4211-969b-d5da77eb0604 { height: calc(0px*var(--scale)); width: 100%; } } @media (max-width: 767px) { .block-vertical-spacer__627420c0-d43d-4211-969b-d5da77eb0604 { height: calc(40px*var(--scale)); width: 100%; } } <\/style>\n<section><block class=\"block-spacer-responsive block-vertical-spacer__627420c0-d43d-4211-969b-d5da77eb0604\" id=\"\"><\/block><\/section>\n\n\n<figure class=\"wp-block-image size-full ratio ratio-4-3\"><img decoding=\"async\" width=\"455\" height=\"342\" src=\"https:\/\/decode.agency\/wp-content\/uploads\/2021\/07\/Careers10.jpg\" alt=\"\" class=\"wp-image-1125\" srcset=\"https:\/\/decode.agency\/wp-content\/uploads\/2021\/07\/Careers10.jpg 455w, https:\/\/decode.agency\/wp-content\/uploads\/2021\/07\/Careers10-330x248.jpg 330w, https:\/\/decode.agency\/wp-content\/uploads\/2021\/07\/Careers10@2x.jpg 910w\" sizes=\"(max-width: 455px) 100vw, 455px\" \/><\/figure>\n\n\n\n<h4 class=\"wp-block-heading\" style=\"margin-top:calc(30px*var(--scale));margin-bottom:calc(20px*var(--scale))\"><span class=\"fw-500\">Wir stellen uns vor<\/span><\/h4>\n\n\n\n<p style=\"margin-bottom:calc(20px*var(--scale))\">Erfahren Sie mehr dar\u00fcber, wer wir sind und warum wir lieben, was wir tun.<\/p>\n\n\n\n<p><span class=\"fw-500\"><a href=\"https:\/\/decode.agency\/de\/uber-uns\/\">\u00dcber uns \u2192<\/a><\/span><\/p>\n<\/div>\n\n\n\n<div class=\"wp-block-column is-vertically-aligned-center display-md-none is-layout-flow wp-block-column-is-layout-flow\"><style type=\"text\/css\">@media (min-width: 1200px) { .block-vertical-spacer__627420c0-d43d-4211-969b-d5da77eb0604 { height: calc(0px*var(--scale)); width: 100%; } } @media (min-width: 992px) and (max-width: 1199px) { .block-vertical-spacer__627420c0-d43d-4211-969b-d5da77eb0604 { height: calc(0px*var(--scale)); width: 100%; } } @media (min-width: 768px) and (max-width: 991px) { .block-vertical-spacer__627420c0-d43d-4211-969b-d5da77eb0604 { height: calc(0px*var(--scale)); width: 100%; } } @media (max-width: 767px) { .block-vertical-spacer__627420c0-d43d-4211-969b-d5da77eb0604 { height: calc(40px*var(--scale)); width: 100%; } } <\/style>\n<section><block class=\"block-spacer-responsive block-vertical-spacer__627420c0-d43d-4211-969b-d5da77eb0604\" id=\"\"><\/block><\/section>\n\n<div class=\"wp-block-image-effect \">\n<figure class=\"wp-block-image size-full l-shape-block l-position-top-right l-size-medium l-primary-blue ratio ratio-1-1\"><img decoding=\"async\" width=\"455\" height=\"455\" src=\"https:\/\/decode.agency\/wp-content\/uploads\/2021\/07\/Careers11.jpg\" alt=\"\" class=\"wp-image-1126\" srcset=\"https:\/\/decode.agency\/wp-content\/uploads\/2021\/07\/Careers11.jpg 455w, https:\/\/decode.agency\/wp-content\/uploads\/2021\/07\/Careers11-330x330.jpg 330w, https:\/\/decode.agency\/wp-content\/uploads\/2021\/07\/Careers11@2x.jpg 910w\" sizes=\"(max-width: 455px) 100vw, 455px\" \/><\/figure>\n<div class=\"l-shape\"><\/div><\/div>\n\n\n<h4 class=\"wp-block-heading\" style=\"margin-top:calc(30px*var(--scale));margin-bottom:calc(20px*var(--scale))\"><span class=\"fw-500\">Unser modus operandi<\/span><\/h4>\n\n\n\n<p style=\"margin-bottom:calc(20px*var(--scale))\">Wir lieben es, tief in die Welt der Softwareentwicklung einzutauchen &#8211; erfahren Sie mehr \u00fcber unseren Ansatz.<\/p>\n\n\n\n<p><a href=\"https:\/\/decode.agency\/de\/unsere-arbeitsweise\/\"><span class=\"fw-500\">Wie wir arbeiten \u2192<\/span><\/a><\/p>\n<\/div>\n<\/div>\n<\/div><\/div><\/section>\n","protected":false},"excerpt":{"rendered":"","protected":false},"author":24,"featured_media":0,"parent":0,"menu_order":0,"comment_status":"closed","ping_status":"closed","template":"","meta":{"footnotes":""},"class_list":["post-59888","page","type-page","status-publish","hentry"],"cmb2":{"all_pages_metabox":{"page_header_color_class":"header-black-white"},"pages_metabox":{"page_footer_cta":"cta3"}},"_links":{"self":[{"href":"https:\/\/decode.agency\/de\/wp-json\/wp\/v2\/pages\/59888","targetHints":{"allow":["GET"]}}],"collection":[{"href":"https:\/\/decode.agency\/de\/wp-json\/wp\/v2\/pages"}],"about":[{"href":"https:\/\/decode.agency\/de\/wp-json\/wp\/v2\/types\/page"}],"author":[{"embeddable":true,"href":"https:\/\/decode.agency\/de\/wp-json\/wp\/v2\/users\/24"}],"replies":[{"embeddable":true,"href":"https:\/\/decode.agency\/de\/wp-json\/wp\/v2\/comments?post=59888"}],"version-history":[{"count":0,"href":"https:\/\/decode.agency\/de\/wp-json\/wp\/v2\/pages\/59888\/revisions"}],"wp:attachment":[{"href":"https:\/\/decode.agency\/de\/wp-json\/wp\/v2\/media?parent=59888"}],"curies":[{"name":"wp","href":"https:\/\/api.w.org\/{rel}","templated":true}]}}