{"id":59850,"date":"2021-06-30T09:59:36","date_gmt":"2021-06-30T09:59:36","guid":{"rendered":"https:\/\/decode.agency\/?page_id=59850"},"modified":"2025-05-06T13:48:17","modified_gmt":"2025-05-06T13:48:17","slug":"kommunikation","status":"publish","type":"page","link":"https:\/\/decode.agency\/de\/work\/kommunikation\/","title":{"rendered":"Kommunikation"},"content":{"rendered":"\n<section class=\"wp-block-decode-grid\"><div class=\"block-grid\"><div class=\"container\" style=\"padding-top:calc(120px*var(--scale));padding-bottom:calc(100px*var(--scale))\">\n<h1 class=\"wp-block-heading\" style=\"max-width:calc(1170px*var(--scale));margin-right:auto;margin-bottom:calc(30px*var(--scale));margin-left:0\"><span class=\"text-uppercase\"><span class=\"wb-sm\">Messaging und Kommunikation<\/span><\/span><\/h1>\n\n\n\n<h4 class=\"wp-block-heading has-24-font-size max-width-md-100 indent\" style=\"max-width:calc(840px*var(--scale));margin-right:auto;margin-left:0\">Egal, ob Sie ein f\u00fchrender Anbieter von Telekommunikationssoftware oder ein aufstrebendes Startup-Unternehmen sind, Sie k\u00f6nnen von unserer umfassenden Branchenkenntnis profitieren, um leistungsstarke Echtzeit-Kommunikations-, Social- und Instant-Messaging-Apps zu entwickeln.<\/h4>\n\n\n<style type=\"text\/css\">@media (min-width: 1200px) { .block-vertical-spacer__e640c586-9be0-4970-956b-c2b0e383f241 { height: calc(200px*var(--scale)); width: 100%; } } @media (min-width: 992px) and (max-width: 1199px) { .block-vertical-spacer__e640c586-9be0-4970-956b-c2b0e383f241 { height: calc(200px*var(--scale)); width: 100%; } } @media (min-width: 768px) and (max-width: 991px) { .block-vertical-spacer__e640c586-9be0-4970-956b-c2b0e383f241 { height: calc(200px*var(--scale)); width: 100%; } } @media (max-width: 767px) { .block-vertical-spacer__e640c586-9be0-4970-956b-c2b0e383f241 { height: calc(200px*var(--scale)); width: 100%; } } <\/style>\n<section><block class=\"block-spacer-responsive block-vertical-spacer__e640c586-9be0-4970-956b-c2b0e383f241\" id=\"\"><\/block><\/section>\n\n\n<h2 class=\"wp-block-heading\" style=\"max-width:calc(840px*var(--scale));margin-bottom:calc(80px*var(--scale))\">Das k\u00f6nnen wir f\u00fcr Sie tun<\/h2>\n\n\n\n<div class=\"row row-cols-1 row-cols-sm-1 row-cols-md-2 row-cols-lg-3 row-cols-xl-3 row-cols-xxl-3\">\n<div class=\"col\" style=\"padding-bottom:calc(120px*var(--scale))\">\n<figure class=\"wp-block-image size-full ratio ratio-1-1\"><img decoding=\"async\" width=\"800\" height=\"874\" src=\"https:\/\/decode.agency\/wp-content\/uploads\/2021\/09\/Carrier-grade-telecommunication-apps.jpg\" alt=\"\" class=\"wp-image-42276\" srcset=\"https:\/\/decode.agency\/wp-content\/uploads\/2021\/09\/Carrier-grade-telecommunication-apps.jpg 800w, https:\/\/decode.agency\/wp-content\/uploads\/2021\/09\/Carrier-grade-telecommunication-apps-700x765.jpg 700w, https:\/\/decode.agency\/wp-content\/uploads\/2021\/09\/Carrier-grade-telecommunication-apps-330x361.jpg 330w, https:\/\/decode.agency\/wp-content\/uploads\/2021\/09\/Carrier-grade-telecommunication-apps-455x497.jpg 455w\" sizes=\"(max-width: 800px) 100vw, 800px\" \/><\/figure>\n\n\n\n<h4 class=\"wp-block-heading\" style=\"margin-top:calc(30px*var(--scale));margin-bottom:calc(20px*var(--scale))\">Carrier-grade Telekommunikations-Apps<\/h4>\n\n\n\n<p>Wir stehen hinter einigen der besten UC-Client-Anwendungen (Unified Communications) auf dem Markt und arbeiten eng mit f\u00fchrenden Anbietern von Telekommunikationssoftware zusammen, um Millionen von Menschen auf der ganzen Welt die Dienste der n\u00e4chsten Generation zug\u00e4nglich zu machen.<\/p>\n<\/div>\n\n\n\n<div class=\"col\" style=\"padding-bottom:calc(120px*var(--scale))\">\n<figure class=\"wp-block-image size-full ratio ratio-1-1\"><img decoding=\"async\" width=\"852\" height=\"800\" src=\"https:\/\/decode.agency\/wp-content\/uploads\/2021\/09\/Rich-instant-messaging-apps_v2.jpg\" alt=\"\" class=\"wp-image-42277\" srcset=\"https:\/\/decode.agency\/wp-content\/uploads\/2021\/09\/Rich-instant-messaging-apps_v2.jpg 852w, https:\/\/decode.agency\/wp-content\/uploads\/2021\/09\/Rich-instant-messaging-apps_v2-700x657.jpg 700w, https:\/\/decode.agency\/wp-content\/uploads\/2021\/09\/Rich-instant-messaging-apps_v2-330x310.jpg 330w, https:\/\/decode.agency\/wp-content\/uploads\/2021\/09\/Rich-instant-messaging-apps_v2-455x427.jpg 455w\" sizes=\"(max-width: 852px) 100vw, 852px\" \/><\/figure>\n\n\n\n<h4 class=\"wp-block-heading\" style=\"margin-top:calc(30px*var(--scale));margin-bottom:calc(20px*var(--scale))\">Umfangreiche Instant-Messaging-Anwendungen<\/h4>\n\n\n\n<p>Wir bauen Ihren Konkurrenten zu WhatsApp und Telegram, mit verschl\u00fcsselten Einzel- und Gruppenchats, Videoanrufen und erweiterten Push-Benachrichtigungen. Mit Ejjaberd und XMPP haben wir Fling-Nutzern geholfen, 50 Milliarden Nachrichten zu versenden.<\/p>\n<\/div>\n\n\n\n<div class=\"col\" style=\"padding-bottom:calc(120px*var(--scale))\">\n<figure class=\"wp-block-image size-full ratio ratio-1-1\"><img decoding=\"async\" width=\"830\" height=\"800\" src=\"https:\/\/decode.agency\/wp-content\/uploads\/2021\/09\/Social-apps.jpg\" alt=\"\" class=\"wp-image-42278\" srcset=\"https:\/\/decode.agency\/wp-content\/uploads\/2021\/09\/Social-apps.jpg 830w, https:\/\/decode.agency\/wp-content\/uploads\/2021\/09\/Social-apps-700x675.jpg 700w, https:\/\/decode.agency\/wp-content\/uploads\/2021\/09\/Social-apps-330x318.jpg 330w, https:\/\/decode.agency\/wp-content\/uploads\/2021\/09\/Social-apps-455x439.jpg 455w\" sizes=\"(max-width: 830px) 100vw, 830px\" \/><\/figure>\n\n\n\n<h4 class=\"wp-block-heading\" style=\"margin-top:calc(30px*var(--scale));margin-bottom:calc(20px*var(--scale))\"><meta charset=\"utf-8\">Soziale Apps<\/h4>\n\n\n\n<p><meta charset=\"utf-8\">M\u00f6chten Sie das n\u00e4chste Instagram, Clubhouse oder etwas v\u00f6llig Neues f\u00fcr soziale Netzwerke entwickeln? Wir k\u00f6nnen die Funktionen erstellen, die Sie brauchen, einschlie\u00dflich Video- und Audio-Newsfeeds, Follower und reichhaltige Sofortnachrichten.<\/p>\n<\/div>\n<\/div>\n\n\n<style type=\"text\/css\">@media (min-width: 1200px) { .block-vertical-spacer__0d528a4d-9aad-4404-987d-e5130238da6a { height: calc(80px*var(--scale)); width: 100%; } } @media (min-width: 992px) and (max-width: 1199px) { .block-vertical-spacer__0d528a4d-9aad-4404-987d-e5130238da6a { height: calc(80px*var(--scale)); width: 100%; } } @media (min-width: 768px) and (max-width: 991px) { .block-vertical-spacer__0d528a4d-9aad-4404-987d-e5130238da6a { height: calc(80px*var(--scale)); width: 100%; } } @media (max-width: 767px) { .block-vertical-spacer__0d528a4d-9aad-4404-987d-e5130238da6a { height: calc(80px*var(--scale)); width: 100%; } } <\/style>\n<section><block class=\"block-spacer-responsive block-vertical-spacer__0d528a4d-9aad-4404-987d-e5130238da6a\" id=\"\"><\/block><\/section>\n\n<section><block class=\"block-testimonial block-testimonial--large\">\r\n          <div class=\"block-testimonial__top-row\"><div class=\"block-testimonial__top-row__image\"><div class=\"img-box\" style=\"background-image:url('https:\/\/decode.agency\/wp-content\/uploads\/2021\/09\/Marin-Luetic-contact-us.png')\"><\/div><div class=\"d-shape d-testimonial-large d-primary-gold\"><\/div><\/div><div class=\"block-testimonial__top-row__text-wrapper\"><div class=\"block-testimonial__top-row__text has-36-font-size fw-500\">\u201cF\u00fchrende Anbieter von Telekommunikationssoftware entscheiden sich f\u00fcr uns, weil wir wiederholt gezeigt haben, wie wir in modernen Unified-Communication-Anwendungen eine hervorragende Benutzerfreundlichkeit, nahtlose Integration und ger\u00e4te\u00fcbergreifende Unterst\u00fctzung erreichen.\u201d<\/div><div class=\"block-testimonial__top-row__meta\"><div class=\"person\">Marin Luetic<\/div><div class=\"role-company\"><span class=\"role\">Leiter der Kundenbetreuung<\/span><span> at <\/span><span class=\"company\">DECODE<\/span><\/div><\/div><\/div><\/div>\r\n          <\/block><\/section><\/div><\/div><\/section>\n\n\n\n<section class=\"wp-block-decode-grid\"><div class=\"block-grid\"><div class=\"container\" style=\"padding-top:calc(100px*var(--scale));padding-bottom:calc(200px*var(--scale))\">\n<h2 class=\"wp-block-heading\" style=\"max-width:calc(840px*var(--scale));margin-bottom:calc(100px*var(--scale))\">Wichtige Merkmale<\/h2>\n\n\n\n<div class=\"wp-block-group max-width-md-100 max-width-sm-100 is-layout-flow wp-block-group-is-layout-flow\" style=\"max-width:calc(840px*var(--scale));margin-right:0;margin-left:auto\">\n<ul class=\"wp-block-list is-style-style-7 has-36-font-size\">\n<li><span class=\"fw-500\">Video-\/Audioanrufe und Konferenzschaltungen<\/span><\/li>\n\n\n\n<li><span class=\"fw-500\">Gemeinsame Nutzung von Inhalten<\/span><\/li>\n\n\n\n<li><span class=\"fw-500\">Rich Group Messaging und Zusammenarbeit<\/span><\/li>\n\n\n\n<li><span class=\"fw-500\">Whitelabel-Unterst\u00fctzung<\/span><\/li>\n<\/ul>\n<\/div>\n\n\n<style type=\"text\/css\">@media (min-width: 1200px) { .block-vertical-spacer__9db00f2b-fc29-4cd7-b901-0b1e2e59144e { height: calc(240px*var(--scale)); width: 100%; } } @media (min-width: 992px) and (max-width: 1199px) { .block-vertical-spacer__9db00f2b-fc29-4cd7-b901-0b1e2e59144e { height: calc(240px*var(--scale)); width: 100%; } } @media (min-width: 768px) and (max-width: 991px) { .block-vertical-spacer__9db00f2b-fc29-4cd7-b901-0b1e2e59144e { height: calc(240px*var(--scale)); width: 100%; } } @media (max-width: 767px) { .block-vertical-spacer__9db00f2b-fc29-4cd7-b901-0b1e2e59144e { height: calc(240px*var(--scale)); width: 100%; } } <\/style>\n<section><block class=\"block-spacer-responsive block-vertical-spacer__9db00f2b-fc29-4cd7-b901-0b1e2e59144e\" id=\"\"><\/block><\/section>\n\n\n<div class=\"wp-block-columns are-vertically-aligned-center stacked-sm is-layout-flex wp-container-core-columns-is-layout-9d6595d7 wp-block-columns-is-layout-flex\">\n<div class=\"wp-block-column is-vertically-aligned-center is-layout-flow wp-block-column-is-layout-flow\"><div class=\"wp-block-image-effect \">\n<figure class=\"wp-block-image size-full d-shape-block d-position-top-left d-size-medium d-primary-gold ratio ratio-4-3\"><img decoding=\"async\" width=\"1240\" height=\"920\" src=\"https:\/\/decode.agency\/wp-content\/uploads\/2021\/09\/jpgeb-bez-bijelog-1.jpg\" alt=\"new image Metaswitch\" class=\"wp-image-42660\" srcset=\"https:\/\/decode.agency\/wp-content\/uploads\/2021\/09\/jpgeb-bez-bijelog-1.jpg 1240w, https:\/\/decode.agency\/wp-content\/uploads\/2021\/09\/jpgeb-bez-bijelog-1-700x519.jpg 700w, https:\/\/decode.agency\/wp-content\/uploads\/2021\/09\/jpgeb-bez-bijelog-1-330x245.jpg 330w, https:\/\/decode.agency\/wp-content\/uploads\/2021\/09\/jpgeb-bez-bijelog-1-455x338.jpg 455w\" sizes=\"(max-width: 1240px) 100vw, 1240px\" \/><\/figure>\n<div class=\"d-shape\"><\/div><\/div>\n\n\n<h4 class=\"wp-block-heading\" style=\"margin-top:calc(30px*var(--scale));margin-bottom:calc(20px*var(--scale))\">Metaswitch &#8211; ein Microsoft-Unternehmen<\/h4>\n\n\n\n<p style=\"margin-bottom:calc(20px*var(--scale))\">Vereinheitlichte Kommunikationsanwendungen<\/p>\n\n\n\n<p><span class=\"fw-500\"><span class=\"fw-500\"><\/span><a href=\"https:\/\/decode.agency\/de\/case-study\/metaswitch-a-microsoft-company\/\">Mehr erfahren  \u2192 <\/a><\/span><\/p>\n<\/div>\n\n\n\n<div class=\"wp-block-column is-vertically-aligned-center is-layout-flow wp-block-column-is-layout-flow\"><style type=\"text\/css\">@media (min-width: 1200px) { .block-vertical-spacer__2e42767c-7be1-4b00-b611-9ad130356d88 { height: calc(0px*var(--scale)); width: 100%; } } @media (min-width: 992px) and (max-width: 1199px) { .block-vertical-spacer__2e42767c-7be1-4b00-b611-9ad130356d88 { height: calc(0px*var(--scale)); width: 100%; } } @media (min-width: 768px) and (max-width: 991px) { .block-vertical-spacer__2e42767c-7be1-4b00-b611-9ad130356d88 { height: calc(0px*var(--scale)); width: 100%; } } @media (max-width: 767px) { .block-vertical-spacer__2e42767c-7be1-4b00-b611-9ad130356d88 { height: calc(40px*var(--scale)); width: 100%; } } <\/style>\n<section><block class=\"block-spacer-responsive block-vertical-spacer__2e42767c-7be1-4b00-b611-9ad130356d88\" id=\"\"><\/block><\/section>\n\n\n<figure class=\"wp-block-image size-full ratio ratio-1-1\"><img decoding=\"async\" width=\"1240\" height=\"1240\" src=\"https:\/\/decode.agency\/wp-content\/uploads\/2021\/09\/fling.png\" alt=\"\" class=\"wp-image-42280\" srcset=\"https:\/\/decode.agency\/wp-content\/uploads\/2021\/09\/fling.png 1240w, https:\/\/decode.agency\/wp-content\/uploads\/2021\/09\/fling-700x700.png 700w, https:\/\/decode.agency\/wp-content\/uploads\/2021\/09\/fling-330x330.png 330w, https:\/\/decode.agency\/wp-content\/uploads\/2021\/09\/fling-455x455.png 455w\" sizes=\"(max-width: 1240px) 100vw, 1240px\" \/><\/figure>\n\n\n\n<h4 class=\"wp-block-heading\" style=\"margin-top:calc(30px*var(--scale));margin-bottom:calc(20px*var(--scale))\">Fling<\/h4>\n\n\n\n<p style=\"margin-bottom:calc(20px*var(--scale))\">Soziale App 6 Millionen Mal heruntergeladen<\/p>\n\n\n\n<p><span class=\"fw-500\"><span class=\"fw-500\"><\/span><a href=\"https:\/\/decode.agency\/de\/case-study\/fling\/\">Mehr erfahren  \u2192<\/a><\/span><\/p>\n<\/div>\n<\/div>\n\n\n<style type=\"text\/css\">@media (min-width: 1200px) { .block-vertical-spacer__e00d3518-138b-48bd-b542-aa58289ec91c { height: calc(160px*var(--scale)); width: 100%; } } @media (min-width: 992px) and (max-width: 1199px) { .block-vertical-spacer__e00d3518-138b-48bd-b542-aa58289ec91c { height: calc(160px*var(--scale)); width: 100%; } } @media (min-width: 768px) and (max-width: 991px) { .block-vertical-spacer__e00d3518-138b-48bd-b542-aa58289ec91c { height: calc(160px*var(--scale)); width: 100%; } } @media (max-width: 767px) { .block-vertical-spacer__e00d3518-138b-48bd-b542-aa58289ec91c { height: calc(80px*var(--scale)); width: 100%; } } <\/style>\n<section><block class=\"block-spacer-responsive block-vertical-spacer__e00d3518-138b-48bd-b542-aa58289ec91c\" id=\"\"><\/block><\/section>\n\n\n<div class=\"wp-block-columns are-vertically-aligned-center stacked-sm is-layout-flex wp-container-core-columns-is-layout-9d6595d7 wp-block-columns-is-layout-flex\">\n<div class=\"wp-block-column is-vertically-aligned-center is-layout-flow wp-block-column-is-layout-flow\">\n<figure class=\"wp-block-image size-full ratio ratio-1-1\"><img decoding=\"async\" width=\"1240\" height=\"1240\" src=\"https:\/\/decode.agency\/wp-content\/uploads\/2021\/09\/royal-caribbean-new-image-teaser.jpg\" alt=\"\" class=\"wp-image-42593\" srcset=\"https:\/\/decode.agency\/wp-content\/uploads\/2021\/09\/royal-caribbean-new-image-teaser.jpg 1240w, https:\/\/decode.agency\/wp-content\/uploads\/2021\/09\/royal-caribbean-new-image-teaser-700x700.jpg 700w, https:\/\/decode.agency\/wp-content\/uploads\/2021\/09\/royal-caribbean-new-image-teaser-330x330.jpg 330w, https:\/\/decode.agency\/wp-content\/uploads\/2021\/09\/royal-caribbean-new-image-teaser-455x455.jpg 455w\" sizes=\"(max-width: 1240px) 100vw, 1240px\" \/><\/figure>\n\n\n\n<h4 class=\"wp-block-heading\" style=\"margin-top:calc(30px*var(--scale));margin-bottom:calc(20px*var(--scale))\">Royal Carribean<\/h4>\n\n\n\n<p style=\"margin-bottom:calc(20px*var(--scale))\">Kollaborations-App f\u00fcr 70.000 Besatzungsmitglieder<\/p>\n\n\n\n<p><span class=\"fw-500\"><a href=\"https:\/\/decode.agency\/de\/case-study\/royal-caribbean\/\">Mehr erfahren \u2192<\/a><\/span><\/p>\n<\/div>\n\n\n\n<div class=\"wp-block-column is-vertically-aligned-center is-layout-flow wp-block-column-is-layout-flow\"><style type=\"text\/css\">@media (min-width: 1200px) { .block-vertical-spacer__0c9ba5dd-37ae-4270-91bd-eddb195bce2f { height: calc(0px*var(--scale)); width: 100%; } } @media (min-width: 992px) and (max-width: 1199px) { .block-vertical-spacer__0c9ba5dd-37ae-4270-91bd-eddb195bce2f { height: calc(0px*var(--scale)); width: 100%; } } @media (min-width: 768px) and (max-width: 991px) { .block-vertical-spacer__0c9ba5dd-37ae-4270-91bd-eddb195bce2f { height: calc(0px*var(--scale)); width: 100%; } } @media (max-width: 767px) { .block-vertical-spacer__0c9ba5dd-37ae-4270-91bd-eddb195bce2f { height: calc(40px*var(--scale)); width: 100%; } } <\/style>\n<section><block class=\"block-spacer-responsive block-vertical-spacer__0c9ba5dd-37ae-4270-91bd-eddb195bce2f\" id=\"\"><\/block><\/section>\n\n\n<figure class=\"wp-block-image size-full ratio ratio-4-3\"><img decoding=\"async\" width=\"1240\" height=\"920\" src=\"https:\/\/decode.agency\/wp-content\/uploads\/2021\/09\/qrypt.png\" alt=\"\" class=\"wp-image-42227\" srcset=\"https:\/\/decode.agency\/wp-content\/uploads\/2021\/09\/qrypt.png 1240w, https:\/\/decode.agency\/wp-content\/uploads\/2021\/09\/qrypt-700x519.png 700w, https:\/\/decode.agency\/wp-content\/uploads\/2021\/09\/qrypt-330x245.png 330w, https:\/\/decode.agency\/wp-content\/uploads\/2021\/09\/qrypt-455x338.png 455w\" sizes=\"(max-width: 1240px) 100vw, 1240px\" \/><\/figure>\n\n\n\n<h4 class=\"wp-block-heading\" style=\"margin-top:calc(30px*var(--scale));margin-bottom:calc(20px*var(--scale))\">Qrypt<\/h4>\n\n\n\n<p style=\"margin-bottom:calc(20px*var(--scale))\">Kommunikation durch Quantenkryptographie<\/p>\n\n\n\n<p><a href=\"https:\/\/decode.agency\/de\/case-study\/qrypt\/\" data-type=\"case-study\" data-id=\"94\"><span class=\"fw-500\"><\/span><\/a><a href=\"https:\/\/decode.agency\/de\/case-study\/royal-caribbean\/\" data-type=\"case-study\" data-id=\"92\"><span class=\"fw-500\"><\/span><\/a><span class=\"fw-500\"><a href=\"https:\/\/decode.agency\/de\/case-study\/qrypt\/\">Mehr erfahren \u2192<\/a><\/span><\/p>\n<\/div>\n<\/div>\n\n\n<style type=\"text\/css\">@media (min-width: 1200px) { .block-vertical-spacer__e00d3518-138b-48bd-b542-aa58289ec91c { height: calc(160px*var(--scale)); width: 100%; } } @media (min-width: 992px) and (max-width: 1199px) { .block-vertical-spacer__e00d3518-138b-48bd-b542-aa58289ec91c { height: calc(160px*var(--scale)); width: 100%; } } @media (min-width: 768px) and (max-width: 991px) { .block-vertical-spacer__e00d3518-138b-48bd-b542-aa58289ec91c { height: calc(160px*var(--scale)); width: 100%; } } @media (max-width: 767px) { .block-vertical-spacer__e00d3518-138b-48bd-b542-aa58289ec91c { height: calc(80px*var(--scale)); width: 100%; } } <\/style>\n<section><block class=\"block-spacer-responsive block-vertical-spacer__e00d3518-138b-48bd-b542-aa58289ec91c\" id=\"\"><\/block><\/section>\n\n<section><block class=\"block-custom-posts\">\n\t\t\t\n\t\t\t<ul class=\"small-post-grid columns-1 custom\"><li><article id=\"post-59922\" class=\"small-post-item case-study post-59922 type-case-study status-publish has-post-thumbnail hentry\">\n  \n  <div class=\"image\">\n        <a href=\"https:\/\/decode.agency\/de\/case-study\/telco-penetration-testing\/\" class=\"img-link\" title=\"Telco penetration testing\">\n                <div class=\"img-box png\" ><img decoding=\"async\" width=\"800\" height=\"645\" src=\"https:\/\/decode.agency\/wp-content\/uploads\/2024\/06\/telco-thumbnail.png\" class=\"attachment-post-thumbnail size-post-thumbnail wp-post-image\" alt=\"\" srcset=\"https:\/\/decode.agency\/wp-content\/uploads\/2024\/06\/telco-thumbnail.png 800w, https:\/\/decode.agency\/wp-content\/uploads\/2024\/06\/telco-thumbnail-700x564.png 700w, https:\/\/decode.agency\/wp-content\/uploads\/2024\/06\/telco-thumbnail-330x266.png 330w, https:\/\/decode.agency\/wp-content\/uploads\/2024\/06\/telco-thumbnail-455x367.png 455w\" sizes=\"(max-width: 800px) 100vw, 800px\"><\/div>\n          <\/a>\n      <\/div>\n\n  <div class=\"text\">\n\n    \n          <a class=\"title\" href=\"https:\/\/decode.agency\/de\/case-study\/telco-penetration-testing\/\">Telco penetration testing<\/a>\n              <p class=\"excerpt\">Verbesserung der Sicherheit eines f\u00fchrenden US-Telekommunikationsanbieters<\/p>\n                    <div class=\"links\">\n          <a href=\"https:\/\/decode.agency\/de\/case-study\/telco-penetration-testing\/\" class=\"tdua\">View case study \u2192<\/a>\n        <\/div>\n              \n  <\/div>\n\n<\/article>\n<\/li>\n<\/ul>\n\t\t<\/block><\/section><\/div><\/div><\/section>\n\n\n\n<section class=\"wp-block-decode-grid\"><div class=\"block-grid\" style=\"background-color:#262626\"><div class=\"container\" style=\"color:#FFFFFF;padding-top:calc(200px*var(--scale));padding-bottom:calc(120px*var(--scale))\">\n<div class=\"wp-block-columns stacked-sm is-layout-flex wp-container-core-columns-is-layout-9d6595d7 wp-block-columns-is-layout-flex\">\n<div class=\"wp-block-column is-vertically-aligned-center is-layout-flow wp-block-column-is-layout-flow\"><div class=\"wp-block-image-effect \">\n<figure class=\"wp-block-image size-full l-shape-block l-position-top-right l-size-large l-primary-gold ratio ratio-4-3\"><img decoding=\"async\" width=\"700\" height=\"460\" src=\"https:\/\/decode.agency\/wp-content\/uploads\/2021\/07\/Work04.jpg\" alt=\"\" class=\"wp-image-1735\" srcset=\"https:\/\/decode.agency\/wp-content\/uploads\/2021\/07\/Work04.jpg 700w, https:\/\/decode.agency\/wp-content\/uploads\/2021\/07\/Work04-330x217.jpg 330w, https:\/\/decode.agency\/wp-content\/uploads\/2021\/07\/Work04-455x299.jpg 455w, https:\/\/decode.agency\/wp-content\/uploads\/2021\/07\/Work04@2x.jpg 1400w\" sizes=\"(max-width: 700px) 100vw, 700px\" \/><\/figure>\n<div class=\"l-shape\"><\/div><\/div>\n\n\n<h4 class=\"wp-block-heading\" style=\"max-width:calc(510px*var(--scale));margin-top:calc(30px*var(--scale));margin-bottom:calc(20px*var(--scale))\">Wir stellen uns vor<\/h4>\n\n\n\n<p style=\"max-width:calc(330px*var(--scale));margin-bottom:calc(20px*var(--scale))\">Erfahren Sie mehr dar\u00fcber, wer wir sind und warum wir lieben, was wir tun.<\/p>\n\n\n\n<p><a href=\"https:\/\/decode.agency\/de\/uber-uns\/\" data-type=\"page\" data-id=\"44\"><span class=\"fw-500\">\u00dcber uns \u2192<\/span><\/a><\/p>\n<\/div>\n\n\n\n<div class=\"wp-block-column is-vertically-aligned-center is-layout-flow wp-block-column-is-layout-flow\"><style type=\"text\/css\">@media (min-width: 1200px) { .block-vertical-spacer__052a7b9c-f380-40a5-bb4b-e4c833803dd3 { height: calc(0px*var(--scale)); width: 100%; } } @media (min-width: 992px) and (max-width: 1199px) { .block-vertical-spacer__052a7b9c-f380-40a5-bb4b-e4c833803dd3 { height: calc(0px*var(--scale)); width: 100%; } } @media (min-width: 768px) and (max-width: 991px) { .block-vertical-spacer__052a7b9c-f380-40a5-bb4b-e4c833803dd3 { height: calc(0px*var(--scale)); width: 100%; } } @media (max-width: 767px) { .block-vertical-spacer__052a7b9c-f380-40a5-bb4b-e4c833803dd3 { height: calc(40px*var(--scale)); width: 100%; } } <\/style>\n<section><block class=\"block-spacer-responsive block-vertical-spacer__052a7b9c-f380-40a5-bb4b-e4c833803dd3\" id=\"\"><\/block><\/section>\n\n\n<figure class=\"wp-block-image size-full ratio ratio-1-1\"><img decoding=\"async\" width=\"700\" height=\"700\" src=\"https:\/\/decode.agency\/wp-content\/uploads\/2021\/07\/Work05.jpg\" alt=\"\" class=\"wp-image-1736\" srcset=\"https:\/\/decode.agency\/wp-content\/uploads\/2021\/07\/Work05.jpg 700w, https:\/\/decode.agency\/wp-content\/uploads\/2021\/07\/Work05-330x330.jpg 330w, https:\/\/decode.agency\/wp-content\/uploads\/2021\/07\/Work05-455x455.jpg 455w, https:\/\/decode.agency\/wp-content\/uploads\/2021\/07\/Work05@2x.jpg 1400w\" sizes=\"(max-width: 700px) 100vw, 700px\" \/><\/figure>\n\n\n\n<h4 class=\"wp-block-heading\" style=\"max-width:calc(510px*var(--scale));margin-top:calc(30px*var(--scale));margin-bottom:calc(20px*var(--scale))\">Unser Modus Operandi<\/h4>\n\n\n\n<p style=\"max-width:calc(510px*var(--scale));margin-bottom:calc(20px*var(--scale))\">Wenn Sie mit uns zusammenarbeiten, erhalten Sie ein hochqualifiziertes Team, das sich f\u00fcr Sie und Ihr Produkt einsetzt.<\/p>\n\n\n\n<p><a href=\"https:\/\/decode.agency\/de\/unsere-arbeitsweise\/\" data-type=\"page\" data-id=\"42\"><span class=\"fw-500\">Wie wir arbeiten \u2192<\/span><\/a><\/p>\n<\/div>\n<\/div>\n<\/div><\/div><\/section>\n","protected":false},"excerpt":{"rendered":"","protected":false},"author":3,"featured_media":54172,"parent":59813,"menu_order":0,"comment_status":"closed","ping_status":"closed","template":"","meta":{"footnotes":""},"class_list":["post-59850","page","type-page","status-publish","has-post-thumbnail","hentry"],"cmb2":{"all_pages_metabox":{"page_header_color_class":"header-white-black"},"pages_metabox":{"page_footer_cta":"cta3"}},"_links":{"self":[{"href":"https:\/\/decode.agency\/de\/wp-json\/wp\/v2\/pages\/59850","targetHints":{"allow":["GET"]}}],"collection":[{"href":"https:\/\/decode.agency\/de\/wp-json\/wp\/v2\/pages"}],"about":[{"href":"https:\/\/decode.agency\/de\/wp-json\/wp\/v2\/types\/page"}],"author":[{"embeddable":true,"href":"https:\/\/decode.agency\/de\/wp-json\/wp\/v2\/users\/3"}],"replies":[{"embeddable":true,"href":"https:\/\/decode.agency\/de\/wp-json\/wp\/v2\/comments?post=59850"}],"version-history":[{"count":0,"href":"https:\/\/decode.agency\/de\/wp-json\/wp\/v2\/pages\/59850\/revisions"}],"up":[{"embeddable":true,"href":"https:\/\/decode.agency\/de\/wp-json\/wp\/v2\/pages\/59813"}],"wp:featuredmedia":[{"embeddable":true,"href":"https:\/\/decode.agency\/de\/wp-json\/wp\/v2\/media\/54172"}],"wp:attachment":[{"href":"https:\/\/decode.agency\/de\/wp-json\/wp\/v2\/media?parent=59850"}],"curies":[{"name":"wp","href":"https:\/\/api.w.org\/{rel}","templated":true}]}}