{"id":59820,"date":"2021-06-30T09:54:13","date_gmt":"2021-06-30T09:54:13","guid":{"rendered":"https:\/\/decode.agency\/?page_id=59820"},"modified":"2026-04-02T14:58:30","modified_gmt":"2026-04-02T14:58:30","slug":"kontakt","status":"publish","type":"page","link":"https:\/\/decode.agency\/de\/kontakt\/","title":{"rendered":"Kontaktieren Sie uns \u2192"},"content":{"rendered":"\n<section class=\"wp-block-decode-grid\"><div class=\"block-grid\"><div class=\"container\" style=\"padding-top:calc(120px*var(--scale));padding-bottom:calc(200px*var(--scale))\">\n<h2 class=\"wp-block-heading max-width-lg-100 max-width-md-100 max-width-sm-100 indent\" style=\"max-width:calc(1060px*var(--scale));margin-right:auto;margin-bottom:calc(30px*var(--scale));margin-left:0\"><span class=\"text-uppercase\">Direkt zum richtigen Ansprechpartner<\/span><\/h2>\n\n\n\n<p style=\"max-width:calc(730px*var(--scale));margin-top:calc(30px*var(--scale))\">F\u00fcllen Sie einfach das kurze Formular unten aus, oder springen Sie zum Ende des Formulars, um direkt ein Gespr\u00e4ch mit Ihrem pers\u00f6nlichen Ansprechpartner zu vereinbaren. In jedem Fall werden wir uns so bald wie m\u00f6glich bei Ihnen melden, um ein informelles Gespr\u00e4ch zu vereinbaren.<\/p>\n\n\n<style type=\"text\/css\">@media (min-width: 1200px) { .block-vertical-spacer__de8e54f2-c689-4737-8da4-4b8a133da9a7 { height: calc(60px*var(--scale)); width: 100%; } } @media (min-width: 992px) and (max-width: 1199px) { .block-vertical-spacer__de8e54f2-c689-4737-8da4-4b8a133da9a7 { height: calc(60px*var(--scale)); width: 100%; } } @media (min-width: 768px) and (max-width: 991px) { .block-vertical-spacer__de8e54f2-c689-4737-8da4-4b8a133da9a7 { height: calc(60px*var(--scale)); width: 100%; } } @media (max-width: 767px) { .block-vertical-spacer__de8e54f2-c689-4737-8da4-4b8a133da9a7 { height: calc(60px*var(--scale)); width: 100%; } } <\/style>\n<section><block class=\"block-spacer-responsive block-vertical-spacer__de8e54f2-c689-4737-8da4-4b8a133da9a7\" id=\"\"><\/block><\/section>\n\n\n<div class=\"wp-block-group max-width-md-100 max-width-sm-100 is-layout-flow wp-block-group-is-layout-flow\" style=\"max-width:calc(840px*var(--scale));margin-right:auto;margin-left:auto\">\n<heyflow-wrapper flow-id=\"hDpsOvwwDC7XEkXU1tzt\" dynamic-height scroll-up-on-navigation style-config='{\"width\":\"800px\"}'><\/heyflow-wrapper>\n\n\n\n<p class=\"has-text-align-center has-gray-700-color has-text-color has-18-font-size\" style=\"max-width:calc(510px*var(--scale));margin-top:calc(40px*var(--scale));margin-right:auto;margin-left:auto\">Keine Sorge, die von Ihnen angegebenen Daten werden nur f\u00fcr gesch\u00e4ftliche Zwecke gespeichert. Weitere Informationen finden Sie in unserer Datenschutzrichtlinie.<\/p>\n\n\n<style type=\"text\/css\">@media (min-width: 1200px) { .block-vertical-spacer__16d91344-3487-4df6-ad02-e500858b3ad7 { height: calc(100px*var(--scale)); width: 100%; } } @media (min-width: 992px) and (max-width: 1199px) { .block-vertical-spacer__16d91344-3487-4df6-ad02-e500858b3ad7 { height: calc(100px*var(--scale)); width: 100%; } } @media (min-width: 768px) and (max-width: 991px) { .block-vertical-spacer__16d91344-3487-4df6-ad02-e500858b3ad7 { height: calc(100px*var(--scale)); width: 100%; } } @media (max-width: 767px) { .block-vertical-spacer__16d91344-3487-4df6-ad02-e500858b3ad7 { height: calc(100px*var(--scale)); width: 100%; } } <\/style>\n<section><block class=\"block-spacer-responsive block-vertical-spacer__16d91344-3487-4df6-ad02-e500858b3ad7\" id=\"\"><\/block><\/section>\n\n<div class=\"wp-block-separator-overlay\">\n<hr class=\"wp-block-separator has-css-opacity overlay-text\"\/>\n<div class=\"overlay-text-box\">or<\/div><\/div>\n\n<style type=\"text\/css\">@media (min-width: 1200px) { .block-vertical-spacer__7194b5a9-df0b-4a1e-beb6-5f06821bdac7 { height: calc(50px*var(--scale)); width: 100%; } } @media (min-width: 992px) and (max-width: 1199px) { .block-vertical-spacer__7194b5a9-df0b-4a1e-beb6-5f06821bdac7 { height: calc(50px*var(--scale)); width: 100%; } } @media (min-width: 768px) and (max-width: 991px) { .block-vertical-spacer__7194b5a9-df0b-4a1e-beb6-5f06821bdac7 { height: calc(50px*var(--scale)); width: 100%; } } @media (max-width: 767px) { .block-vertical-spacer__7194b5a9-df0b-4a1e-beb6-5f06821bdac7 { height: calc(50px*var(--scale)); width: 100%; } } <\/style>\n<section><block class=\"block-spacer-responsive block-vertical-spacer__7194b5a9-df0b-4a1e-beb6-5f06821bdac7\" id=\"\"><\/block><\/section>\n\n\n<div class=\"wp-block-group display-flex flex-direction-sm-column align-items-center justify-content-space-between is-layout-flow wp-block-group-is-layout-flow\">\n<div class=\"wp-block-group display-flex display-sm-none align-items-center is-layout-flow wp-block-group-is-layout-flow\">\n<figure class=\"wp-block-image size-full is-resized\" style=\"min-width:calc(90px*var(--scale));margin-right:calc(20px*var(--scale))\"><img decoding=\"async\" width=\"1024\" height=\"1024\" src=\"https:\/\/decode.agency\/wp-content\/uploads\/2025\/01\/Miki.png\" alt=\"\" class=\"wp-image-60012\" style=\"width:83px;height:83px\" srcset=\"https:\/\/decode.agency\/wp-content\/uploads\/2025\/01\/Miki.png 1024w, https:\/\/decode.agency\/wp-content\/uploads\/2025\/01\/Miki-700x700.png 700w, https:\/\/decode.agency\/wp-content\/uploads\/2025\/01\/Miki-330x330.png 330w, https:\/\/decode.agency\/wp-content\/uploads\/2025\/01\/Miki-455x455.png 455w\" sizes=\"(max-width: 1024px) 100vw, 1024px\" \/><\/figure>\n\n\n\n<p>Vereinbaren Sie direkt ein Gespr\u00e4ch mit Miki!<\/p>\n<\/div>\n\n\n<style type=\"text\/css\">@media (min-width: 1200px) { .block-vertical-spacer__aa72a50f-feb9-4d8b-a429-0f5fbcdfa657 { height: calc(0px*var(--scale)); width: 100%; } } @media (min-width: 992px) and (max-width: 1199px) { .block-vertical-spacer__aa72a50f-feb9-4d8b-a429-0f5fbcdfa657 { height: calc(0px*var(--scale)); width: 100%; } } @media (min-width: 768px) and (max-width: 991px) { .block-vertical-spacer__aa72a50f-feb9-4d8b-a429-0f5fbcdfa657 { height: calc(0px*var(--scale)); width: 100%; } } @media (max-width: 767px) { .block-vertical-spacer__aa72a50f-feb9-4d8b-a429-0f5fbcdfa657 { height: calc(40px*var(--scale)); width: 100%; } } <\/style>\n<section><block class=\"block-spacer-responsive block-vertical-spacer__aa72a50f-feb9-4d8b-a429-0f5fbcdfa657\" id=\"\"><\/block><\/section>\n\n\n<div class=\"wp-block-buttons is-layout-flex wp-block-buttons-is-layout-flex\">\n<div class=\"wp-block-button is-style-sm\"><a class=\"wp-block-button__link has-black-color has-white-background-color has-text-color has-background wp-element-button\" href=\"https:\/\/calendly.com\/miki-decode\/30min\" target=\"_blank\" rel=\"noreferrer noopener\">Termin buchen<\/a><\/div>\n<\/div>\n<\/div>\n<\/div>\n<\/div><\/div><\/section>\n\n\n\n<section class=\"wp-block-decode-grid\"><div class=\"block-grid\" style=\"background-color:#DEDEDE\"><div class=\"container\" style=\"padding-top:calc(160px*var(--scale));padding-bottom:calc(0px*var(--scale))\">\n<div class=\"wp-block-columns stacked-sm is-layout-flex wp-container-core-columns-is-layout-9d6595d7 wp-block-columns-is-layout-flex\">\n<div class=\"wp-block-column is-layout-flow wp-block-column-is-layout-flow\"><div class=\"wp-block-image-effect \">\n<figure class=\"wp-block-image size-full d-shape-block d-position-bottom-right d-size-large d-primary-blue\"><img decoding=\"async\" width=\"775\" height=\"900\" src=\"https:\/\/decode.agency\/wp-content\/uploads\/2021\/07\/Contact01.jpg\" alt=\"\" class=\"wp-image-1608\" srcset=\"https:\/\/decode.agency\/wp-content\/uploads\/2021\/07\/Contact01.jpg 775w, https:\/\/decode.agency\/wp-content\/uploads\/2021\/07\/Contact01-700x813.jpg 700w, https:\/\/decode.agency\/wp-content\/uploads\/2021\/07\/Contact01-330x383.jpg 330w, https:\/\/decode.agency\/wp-content\/uploads\/2021\/07\/Contact01-455x528.jpg 455w, https:\/\/decode.agency\/wp-content\/uploads\/2021\/07\/Contact01@2x.jpg 1550w\" sizes=\"(max-width: 775px) 100vw, 775px\" \/><\/figure>\n<div class=\"d-shape\"><\/div><\/div>\n\n<style type=\"text\/css\">@media (min-width: 1200px) { .block-vertical-spacer__ce4be45c-794e-46ab-a875-b6e0b30d7520 { height: calc(0px*var(--scale)); width: 100%; } } @media (min-width: 992px) and (max-width: 1199px) { .block-vertical-spacer__ce4be45c-794e-46ab-a875-b6e0b30d7520 { height: calc(0px*var(--scale)); width: 100%; } } @media (min-width: 768px) and (max-width: 991px) { .block-vertical-spacer__ce4be45c-794e-46ab-a875-b6e0b30d7520 { height: calc(0px*var(--scale)); width: 100%; } } @media (max-width: 767px) { .block-vertical-spacer__ce4be45c-794e-46ab-a875-b6e0b30d7520 { height: calc(80px*var(--scale)); width: 100%; } } <\/style>\n<section><block class=\"block-spacer-responsive block-vertical-spacer__ce4be45c-794e-46ab-a875-b6e0b30d7520\" id=\"\"><\/block><\/section><\/div>\n\n\n\n<div class=\"wp-block-column is-layout-flow wp-block-column-is-layout-flow\">\n<div class=\"wp-block-group max-width-md-100 max-width-sm-100 is-layout-flow wp-block-group-is-layout-flow\" style=\"max-width:calc(510px*var(--scale));margin-right:0;margin-left:auto\">\n<hr class=\"wp-block-separator has-css-opacity\"\/>\n\n\n\n<h4 class=\"wp-block-heading\" style=\"margin-top:calc(30px*var(--scale));margin-bottom:calc(20px*var(--scale))\"><span class=\"fw-500\">Besuchen Sie uns <\/span><\/h4>\n\n\n\n<p class=\"has-24-font-size\" style=\"padding-bottom:calc(40px*var(--scale))\">DECODE Services GmbH<br>Plaza Cubes, Hammer Stra\u00dfe 19<br>40219 D\u00fcsseldorf<\/p>\n\n\n\n<p class=\"has-24-font-size\" style=\"padding-bottom:0\">DECODE HQ d.o.o. <br>Zagreb, Radni\u010dka cesta 47 <br>Kroatien (EU)<\/p>\n\n\n\n<h5 class=\"wp-block-heading\" style=\"margin-top:calc(60px*var(--scale));margin-bottom:calc(10px*var(--scale))\"><span class=\"fw-500\">DECODE beitreten<\/span><\/h5>\n\n\n\n<p><a href=\"https:\/\/decode.agency\/?page_id=46\" data-type=\"page\" data-id=\"46\">Aktuelle Stellenangebote<\/a><\/p>\n\n\n\n<h5 class=\"wp-block-heading\" style=\"margin-top:calc(60px*var(--scale));margin-bottom:calc(10px*var(--scale))\"><span class=\"fw-500\">Folgen Sie uns<\/span><\/h5>\n\n\n\n<p style=\"margin-bottom:calc(10px*var(--scale))\">Youtube: <a href=\"https:\/\/www.youtube.com\/@decodehq\" target=\"_blank\" rel=\"noreferrer noopener\">decodehq<\/a><\/p>\n\n\n\n<p style=\"margin-bottom:calc(10px*var(--scale))\">Linkedin: <a href=\"https:\/\/www.linkedin.com\/company\/decodehq\" target=\"_blank\" rel=\"noreferrer noopener\">decodehq<\/a><\/p>\n\n\n\n<p style=\"margin-bottom:calc(10px*var(--scale))\">Facebook: <a href=\"https:\/\/www.facebook.com\/decodehq\/\" target=\"_blank\" rel=\"noreferrer noopener\">decodehq<\/a><\/p>\n\n\n\n<p style=\"margin-bottom:calc(10px*var(--scale))\">Instagram: <a href=\"https:\/\/www.instagram.com\/decodeagency\/\" target=\"_blank\" rel=\"noreferrer noopener\">decodeagency<\/a><\/p>\n\n\n\n<p style=\"margin-bottom:calc(10px*var(--scale))\">Twitter: <a href=\"https:\/\/twitter.com\/decodehq\" target=\"_blank\" rel=\"noreferrer noopener\">decodehq<\/a><\/p>\n\n\n\n<p style=\"margin-bottom:calc(10px*var(--scale))\">Spotify: <a href=\"https:\/\/open.spotify.com\/show\/6bc8WY0DCeNAjqhlrILw1Z\" target=\"_blank\" rel=\"noreferrer noopener\">The Roadmap<\/a><\/p>\n\n\n\n<p style=\"margin-bottom:calc(10px*var(--scale))\">Apple-Podcast: <a href=\"https:\/\/podcasts.apple.com\/hr\/podcast\/the-roadmap\/id1732287729\" target=\"_blank\" rel=\"noreferrer noopener\">The Roadmap<\/a><\/p>\n\n\n\n<h5 class=\"wp-block-heading\" style=\"margin-top:calc(60px*var(--scale));margin-bottom:calc(10px*var(--scale))\"><span class=\"fw-500\">DECODE-Finanzierung<\/span><\/h5>\n\n\n\n<p><a href=\"https:\/\/decode.agency\/izjava-o-sufinanciranju\/\">Kofinanzierungserkl\u00e4rung<\/a><\/p>\n<\/div>\n<\/div>\n<\/div>\n\n\n<style type=\"text\/css\">@media (min-width: 1200px) { .block-vertical-spacer__dc61dde6-814f-4dc0-a86e-ac7d8e8a55cb { height: calc(240px*var(--scale)); width: 100%; } } @media (min-width: 992px) and (max-width: 1199px) { .block-vertical-spacer__dc61dde6-814f-4dc0-a86e-ac7d8e8a55cb { height: calc(240px*var(--scale)); width: 100%; } } @media (min-width: 768px) and (max-width: 991px) { .block-vertical-spacer__dc61dde6-814f-4dc0-a86e-ac7d8e8a55cb { height: calc(240px*var(--scale)); width: 100%; } } @media (max-width: 767px) { .block-vertical-spacer__dc61dde6-814f-4dc0-a86e-ac7d8e8a55cb { height: calc(240px*var(--scale)); width: 100%; } } <\/style>\n<section><block class=\"block-spacer-responsive block-vertical-spacer__dc61dde6-814f-4dc0-a86e-ac7d8e8a55cb\" id=\"\"><\/block><\/section><\/div><\/div><\/section>\n","protected":false},"excerpt":{"rendered":"","protected":false},"author":3,"featured_media":0,"parent":0,"menu_order":0,"comment_status":"closed","ping_status":"closed","template":"","meta":{"footnotes":""},"class_list":["post-59820","page","type-page","status-publish","hentry"],"cmb2":{"all_pages_metabox":{"page_header_color_class":"header-white-black"},"pages_metabox":{"page_footer_cta":"cta3"}},"_links":{"self":[{"href":"https:\/\/decode.agency\/de\/wp-json\/wp\/v2\/pages\/59820","targetHints":{"allow":["GET"]}}],"collection":[{"href":"https:\/\/decode.agency\/de\/wp-json\/wp\/v2\/pages"}],"about":[{"href":"https:\/\/decode.agency\/de\/wp-json\/wp\/v2\/types\/page"}],"author":[{"embeddable":true,"href":"https:\/\/decode.agency\/de\/wp-json\/wp\/v2\/users\/3"}],"replies":[{"embeddable":true,"href":"https:\/\/decode.agency\/de\/wp-json\/wp\/v2\/comments?post=59820"}],"version-history":[{"count":0,"href":"https:\/\/decode.agency\/de\/wp-json\/wp\/v2\/pages\/59820\/revisions"}],"wp:attachment":[{"href":"https:\/\/decode.agency\/de\/wp-json\/wp\/v2\/media?parent=59820"}],"curies":[{"name":"wp","href":"https:\/\/api.w.org\/{rel}","templated":true}]}}